{"id":1451,"date":"2020-03-24T07:59:54","date_gmt":"2020-03-24T11:59:54","guid":{"rendered":"http:\/\/www.encompascare.ca.rkd.ca\/?page_id=1451"},"modified":"2024-01-02T16:54:29","modified_gmt":"2024-01-02T21:54:29","slug":"accessibility","status":"publish","type":"page","link":"https:\/\/www.encompascare.ca\/fr_ca\/accessibility\/","title":{"rendered":"Accessibilit\u00e9"},"content":{"rendered":"<div class=\"fusion-fullwidth fullwidth-box fusion-builder-row-1 nonhundred-percent-fullwidth non-hundred-percent-height-scrolling\"  style='background-color: #ffffff;background-position: center center;background-repeat: no-repeat;padding-top:60px;padding-right:0px;padding-bottom:40px;padding-left:0px;'><div class=\"fusion-builder-row fusion-row\"><div  class=\"fusion-layout-column fusion_builder_column fusion_builder_column_1_1 fusion-builder-column-0 fusion-one-full fusion-column-first fusion-column-last 1_1\"  style='margin-top:0px;margin-bottom:20px;'><div class=\"fusion-column-wrapper\" style=\"padding: 0px 0px 0px 0px;background-position:left top;background-repeat:no-repeat;-webkit-background-size:cover;-moz-background-size:cover;-o-background-size:cover;background-size:cover;\"   data-bg-url=\"\"><div class=\"fusion-text\"><h2 class=\"elementor-heading-title elementor-size-xl\" role=\"heading\" data-uw-rm-heading=\"level\" aria-level=\"1\">Politique d'accessibilit\u00e9<\/h2>\n<\/div><div class=\"fusion-sep-clear\"><\/div><div class=\"fusion-separator fusion-full-width-sep sep-none\" style=\"margin-left: auto;margin-right: auto;margin-top:5px;margin-bottom:9px;\"><\/div><div class=\"fusion-text\"><p>Le personnel de Dalton Associates s'engage \u00e0 servir avec excellence tous les clients, y compris les personnes handicap\u00e9es. Nous pensons que chaque personne est unique et m\u00e9rite notre respect et d'\u00eatre trait\u00e9e avec dignit\u00e9. Nous soutenons les pratiques qui traitent toutes les personnes de mani\u00e8re \u00e9quitable, qui offrent un acc\u00e8s \u00e9quitable \u00e0 nos services de conseil et qui tiennent compte de la diversit\u00e9 de notre communaut\u00e9, y compris des perspectives individuelles des personnes desservies.<\/p>\n<p>Le personnel de Dalton Associates fera tous les efforts raisonnables pour fournir des services accessibles aux personnes handicap\u00e9es et qui respectent la dignit\u00e9 et l'ind\u00e9pendance des personnes handicap\u00e9es. Si une personne handicap\u00e9e a besoin des services du personnel de Dalton Associates, nous prendrons des mesures raisonnables pour accommoder la personne de mani\u00e8re \u00e0 ce que les services soient conformes \u00e0 nos normes \u00e9tablies en mati\u00e8re de respect de la vie priv\u00e9e, de confidentialit\u00e9 et de professionnalisme. Nous nous efforcerons de veiller \u00e0 ce que les personnes handicap\u00e9es aient une chance \u00e9gale d'obtenir, d'utiliser ou de b\u00e9n\u00e9ficier des services de Dalton Associates.<\/p>\n<p>Dans un souci d'excellence et de conformit\u00e9, nous \u00e9tendrons nos services dans les domaines suivants :<\/p>\n<ul>\n<li>Fournir des services qui permettent un acc\u00e8s facile. Les services r\u00e9pondront aux besoins individuels en mati\u00e8re d'inclusion.<\/li>\n<li>Notre personnel sera form\u00e9 \u00e0 l'utilisation des outils de communication et des meilleures pratiques, pour traiter efficacement avec les personnes handicap\u00e9es.<\/li>\n<li>Afficher la politique d'accessibilit\u00e9 de Dalton Associates dans la zone d'accueil principale de nos bureaux, ainsi que sur nos sites Internet et sur le site des employ\u00e9s.<\/li>\n<li>Fournir une assistance individuelle pour l'accessibilit\u00e9, si n\u00e9cessaire, pour les services en personne.<\/li>\n<li>Permettre aux personnes d'utiliser leur(s) propre(s) appareil(s) d'assistance et\/ou d'utiliser des appareils d'assistance. Il peut s'agir, entre autres, de technologies, de t\u00e9l\u00e9phones, de fauteuils roulants, de d\u00e9ambulateurs, de scooters \u00e9lectroniques, de cannes, etc.<\/li>\n<li>Assurer l'acc\u00e8s des personnes de soutien et\/ou des animaux d'assistance.<\/li>\n<li>Pr\u00e9venir des interruptions de service, y compris de leur dur\u00e9e et des autres possibilit\u00e9s d'acc\u00e8s. Cela inclut une signalisation appropri\u00e9e, ainsi que des alertes sur le site web ou des notifications par courrier \u00e9lectronique si n\u00e9cessaire.<\/li>\n<li>R\u00e9pondre aux demandes de formats ou de m\u00e9thodes de communication alternatifs.<\/li>\n<li>Encourager le retour d'information, les commentaires et les suggestions par divers moyens, y compris en personne, par t\u00e9l\u00e9phone, par \u00e9crit (courriel, lettre ou note) ou par l'interm\u00e9diaire de nos sites web.<\/li>\n<li>R\u00e9pondre efficacement \u00e0 toute question ou r\u00e9clamation.<\/li>\n<li>Assurer la formation et l'\u00e9ducation permanente des employ\u00e9s \u00e0 la LAPHO et \u00e0 la norme de service \u00e0 la client\u00e8le qui encourage la prise de conscience, la sensibilit\u00e9 et la prise en compte des services aux personnes handicap\u00e9es.<\/li>\n<li>Rendre compte de notre situation et de nos progr\u00e8s au gouvernement de l'Ontario.<\/li>\n<\/ul>\n<\/div><div class=\"fusion-sep-clear\"><\/div><div class=\"fusion-separator fusion-full-width-sep sep-none\" style=\"margin-left: auto;margin-right: auto;margin-top:20px;margin-bottom:5px;\"><\/div><div class=\"fusion-text\"><h2><strong>Plan pluriannuel de Dalton Associates<\/strong><\/h2>\n<\/div><div class=\"fusion-sep-clear\"><\/div><div class=\"fusion-separator fusion-full-width-sep sep-none\" style=\"margin-left: auto;margin-right: auto;margin-top:3px;margin-bottom:0px;\"><\/div><div class=\"fusion-text\"><h3><strong>OBJECTIF : <\/strong><\/h3>\n<p>L'objectif de cette politique est de souligner l'engagement de Dalton Associates \u00e0 veiller \u00e0 ce que tous ses employ\u00e9s et futurs employ\u00e9s handicap\u00e9s soient trait\u00e9s avec respect et dignit\u00e9, conform\u00e9ment \u00e0 ses valeurs fondamentales et aux protocoles de la loi de 2005 sur l'accessibilit\u00e9 pour les personnes handicap\u00e9es de l'Ontario et \u00e0 la norme d'accessibilit\u00e9 int\u00e9gr\u00e9e adopt\u00e9e en tant que r\u00e8glement en vertu de la loi sur l'accessibilit\u00e9 pour les personnes handicap\u00e9es de l'Ontario (AODA). Le pr\u00e9sent plan pluriannuel d'accessibilit\u00e9 d\u00e9crit la strat\u00e9gie de notre organisation pour pr\u00e9venir et supprimer les obstacles \u00e0 l'accessibilit\u00e9 et d\u00e9crit l'approche de notre organisation pour se conformer au cadre juridique applicable, y compris ceux \u00e9tablis dans la l\u00e9gislation relative aux droits de l'homme et \u00e0 l'accessibilit\u00e9.<\/p>\n<h3><strong>CHAMP D'APPLICATION : <\/strong><\/h3>\n<p>Conform\u00e9ment \u00e0 la loi sur l'accessibilit\u00e9 pour les personnes handicap\u00e9es de l'Ontario (AODA), cette politique r\u00e9pond \u00e0 l'exigence de cr\u00e9ation d'un plan d'accessibilit\u00e9 pluriannuel afin d'aider Dalton Associates \u00e0 atteindre ses objectifs en mati\u00e8re d'accessibilit\u00e9 et \u00e0 maintenir son engagement en faveur de l'excellence dans la prestation de services.<\/p>\n<p>Dalton Associates se r\u00e9jouit de recevoir des informations en retour sur le plan et fournira le plan sous d'autres formes sur demande.<\/p>\n<p>Les demandes de copie de ce plan doivent \u00eatre adress\u00e9es \u00e0<\/p>\n<p>Basel Diogenis Limburg- Coordinateur des ressources humaines<\/p>\n<p>basel.diogenis@daltonassociates.ca<\/p>\n<p>1-888-245-5516<\/p>\n<h3><strong>PLAN : <\/strong><\/h3>\n<p><strong>1) Informations sur les interventions d'urgence sur le lieu de travail <\/strong><\/p>\n<p>Dalton Associates mettra en \u0153uvre des mesures pour ses employ\u00e9s dont l'organisation sait qu'ils sont incapables de suivre le plan d'urgence standard sur le lieu de travail de leur clinique, en raison d'un handicap ou d'une blessure permanente ou temporaire. Si l'employ\u00e9 y consent, une personne d\u00e9sign\u00e9e recevra le plan d'urgence alternatif pour aider la personne handicap\u00e9e en cas d'urgence. Le(s) plan(s) d'urgence alternatif(s) sera(ont) conserv\u00e9(s) et stock\u00e9(s) au service des ressources humaines. Si vous \u00eates un employ\u00e9 qui a besoin d'un plan alternatif, veuillez vous adresser aux ressources humaines pour planifier une proc\u00e9dure sp\u00e9cifique.<\/p>\n<p><strong>2) Politique d'accessibilit\u00e9 <\/strong><\/p>\n<p>Dalton Associates a adopt\u00e9 une politique d'accessibilit\u00e9 int\u00e9gr\u00e9e qui affirme notre engagement \u00e0 r\u00e9pondre aux besoins d'accessibilit\u00e9 des personnes handicap\u00e9es en temps opportun et qui d\u00e9crit la mani\u00e8re dont Dalton Associates r\u00e9alisera l'accessibilit\u00e9.<\/p>\n<p><strong>3) Formation <\/strong><\/p>\n<p>Dalton Associates veillera \u00e0 ce que la formation soit dispens\u00e9e \u00e0 l'ensemble du personnel, de la direction et des b\u00e9n\u00e9voles, ainsi qu'aux personnes qui fournissent des services au nom de Dalton Associates, et conservera les dossiers de formation de tous les participants. Dalton Associates int\u00e9grera la formation \u00e0 l'accessibilit\u00e9 dans ses initiatives en mati\u00e8re de diversit\u00e9, d'\u00e9quit\u00e9 et d'inclusion.<\/p>\n<p><strong>4) Information et communication <\/strong><\/p>\n<p><strong>a) Site web : <\/strong>Les sites web de Dalton Associates seront conformes aux directives sur l'accessibilit\u00e9 du contenu web (WCAG 2.0) d'ici au 31 d\u00e9cembre 2023. Dalton Associates veillera, lors de la refonte de son site web et du d\u00e9veloppement de ses futurs sites web, \u00e0 se conformer au moins aux directives sur l'accessibilit\u00e9 des contenus web (WCAG 2.0). Dalton Associates veillera \u00e0 ce que tout le contenu du site web soit conforme et int\u00e9grera les lignes directrices dans l'ensemble du d\u00e9veloppement et de la gestion du site web.<\/p>\n<p><strong>b) Retour d'information, formats accessibles et supports de communication <\/strong><\/p>\n<p>Dalton Associates veillera \u00e0 ce que :<\/p>\n<ul>\n<li>Les proc\u00e9dures internes de r\u00e9ception et de traitement du retour d'information sont accessibles et disponibles dans des formats accessibles ;<\/li>\n<li>Sur demande, un format appropri\u00e9 sera utilis\u00e9 pour assurer la communication et fournir des r\u00e9ponses rapides \u00e0 toute demande de renseignements ;<\/li>\n<li>Si un document est demand\u00e9 dans un format alternatif et que Dalton Associates n'est pas en mesure de r\u00e9pondre \u00e0 cette demande en interne, il fera appel \u00e0 un prestataire de services tiers pour convertir les communications et les documents dans des formats alternatifs, et informera tous les employ\u00e9s susceptibles de recevoir ou de r\u00e9pondre au retour d'information sur la mani\u00e8re d'obtenir des formats alternatifs ou des prestataires de services d'aide \u00e0 la communication.<\/li>\n<\/ul>\n<p><strong>5) Emploi <\/strong><\/p>\n<p>Dalton Associates va :<\/p>\n<ul>\n<li>Informer tous les candidats \u00e0 l'emploi et le public que des am\u00e9nagements sont disponibles sur demande au cours du processus de recrutement, dans toutes les offres d'emploi ou de carri\u00e8re.<\/li>\n<li>Ces am\u00e9nagements sont \u00e9tendus \u00e0 la proc\u00e9dure d'entretien<\/li>\n<li>Si un candidat \u00e0 l'emploi demande un am\u00e9nagement, nous lui fournirons un am\u00e9nagement appropri\u00e9 pour r\u00e9pondre aux exigences li\u00e9es \u00e0 son handicap.<\/li>\n<li>Les candidats retenus seront inform\u00e9s de la politique de Dalton Associates en mati\u00e8re d'am\u00e9nagements pour les employ\u00e9s handicap\u00e9s ; une formation appropri\u00e9e sera mise en place et dispens\u00e9e aux employ\u00e9s et au personnel d'encadrement charg\u00e9 du recrutement.<\/li>\n<\/ul>\n<p>Dalton Associates examinera et modifiera les politiques et lignes directrices existantes en mati\u00e8re d'accessibilit\u00e9 en fonction des besoins, et un examen des politiques existantes sera effectu\u00e9 au moins une fois tous les trois ans. Nous continuerons \u00e0 dispenser la formation n\u00e9cessaire aux nouveaux employ\u00e9s et \u00e0 fournir des mises \u00e0 jour des nouvelles politiques aux employ\u00e9s existants au fur et \u00e0 mesure qu'elles se produisent.<\/p>\n<\/div><div class=\"fusion-clearfix\"><\/div><\/div><\/div><\/div><\/div><style type=\"text\/css\">.fusion-fullwidth.fusion-builder-row-1 a:not(.fusion-button):not(.fusion-builder-module-control):not(.fusion-social-network-icon):not(.fb-icon-element):not(.fusion-countdown-link):not(.fusion-rollover-link):not(.fusion-rollover-gallery):not(.add_to_cart_button):not(.show_details_button):not(.product_type_external):not(.fusion-quick-view):not(.fusion-rollover-title-link) , .fusion-fullwidth.fusion-builder-row-1 a:not(.fusion-button):not(.fusion-builder-module-control):not(.fusion-social-network-icon):not(.fb-icon-element):not(.fusion-countdown-link):not(.fusion-rollover-link):not(.fusion-rollover-gallery):not(.add_to_cart_button):not(.show_details_button):not(.product_type_external):not(.fusion-quick-view):not(.fusion-rollover-title-link):before, .fusion-fullwidth.fusion-builder-row-1 a:not(.fusion-button):not(.fusion-builder-module-control):not(.fusion-social-network-icon):not(.fb-icon-element):not(.fusion-countdown-link):not(.fusion-rollover-link):not(.fusion-rollover-gallery):not(.add_to_cart_button):not(.show_details_button):not(.product_type_external):not(.fusion-quick-view):not(.fusion-rollover-title-link):after {color: #08538a;}.fusion-fullwidth.fusion-builder-row-1 a:not(.fusion-button):not(.fusion-builder-module-control):not(.fusion-social-network-icon):not(.fb-icon-element):not(.fusion-countdown-link):not(.fusion-rollover-link):not(.fusion-rollover-gallery):not(.add_to_cart_button):not(.show_details_button):not(.product_type_external):not(.fusion-quick-view):not(.fusion-rollover-title-link):hover, .fusion-fullwidth.fusion-builder-row-1 a:not(.fusion-button):not(.fusion-builder-module-control):not(.fusion-social-network-icon):not(.fb-icon-element):not(.fusion-countdown-link):not(.fusion-rollover-link):not(.fusion-rollover-gallery):not(.add_to_cart_button):not(.show_details_button):not(.product_type_external):not(.fusion-quick-view):not(.fusion-rollover-title-link):hover:before, .fusion-fullwidth.fusion-builder-row-1 a:not(.fusion-button):not(.fusion-builder-module-control):not(.fusion-social-network-icon):not(.fb-icon-element):not(.fusion-countdown-link):not(.fusion-rollover-link):not(.fusion-rollover-gallery):not(.add_to_cart_button):not(.show_details_button):not(.product_type_external):not(.fusion-quick-view):not(.fusion-rollover-title-link):hover:after {color: #08538a;}.fusion-fullwidth.fusion-builder-row-1 .pagination a.inactive:hover, .fusion-fullwidth.fusion-builder-row-1 .fusion-filters .fusion-filter.fusion-active a {border-color: #08538a;}.fusion-fullwidth.fusion-builder-row-1 .pagination .current {border-color: #08538a; background-color: #08538a;}.fusion-fullwidth.fusion-builder-row-1 .fusion-filters .fusion-filter.fusion-active a, .fusion-fullwidth.fusion-builder-row-1 .fusion-date-and-formats .fusion-format-box, .fusion-fullwidth.fusion-builder-row-1 .fusion-popover, .fusion-fullwidth.fusion-builder-row-1 .tooltip-shortcode {color: #08538a;}#main .fusion-fullwidth.fusion-builder-row-1 .post .blog-shortcode-post-title a:hover {color: #08538a;}<\/style>","protected":false},"excerpt":{"rendered":"","protected":false},"author":2,"featured_media":0,"parent":0,"menu_order":0,"comment_status":"closed","ping_status":"closed","template":"100-width.php","meta":{"_acf_changed":false,"footnotes":""},"class_list":["post-1451","page","type-page","status-publish","hentry"],"acf":[],"yoast_head":"<!-- This site is optimized with the Yoast SEO plugin v25.2 - https:\/\/yoast.com\/wordpress\/plugins\/seo\/ -->\n<title>Accessibility - Encompas<\/title>\n<meta name=\"robots\" content=\"index, follow, max-snippet:-1, max-image-preview:large, max-video-preview:-1\" \/>\n<link rel=\"canonical\" href=\"https:\/\/www.encompascare.ca\/fr_ca\/accessibility\/\" \/>\n<meta property=\"og:locale\" content=\"fr_CA\" \/>\n<meta property=\"og:type\" content=\"article\" \/>\n<meta property=\"og:title\" content=\"Accessibility - Encompas\" \/>\n<meta property=\"og:url\" content=\"https:\/\/www.encompascare.ca\/fr_ca\/accessibility\/\" \/>\n<meta property=\"og:site_name\" content=\"Encompas\" \/>\n<meta property=\"article:modified_time\" content=\"2024-01-02T21:54:29+00:00\" \/>\n<meta name=\"twitter:card\" content=\"summary_large_image\" \/>\n<meta name=\"twitter:label1\" content=\"Estimation du temps de lecture\" \/>\n\t<meta name=\"twitter:data1\" content=\"8 minutes\" \/>\n<script type=\"application\/ld+json\" class=\"yoast-schema-graph\">{\"@context\":\"https:\/\/schema.org\",\"@graph\":[{\"@type\":\"WebPage\",\"@id\":\"https:\/\/www.encompascare.ca\/accessibility\/\",\"url\":\"https:\/\/www.encompascare.ca\/accessibility\/\",\"name\":\"Accessibility - Encompas\",\"isPartOf\":{\"@id\":\"https:\/\/www.encompascare.ca\/#website\"},\"datePublished\":\"2020-03-24T11:59:54+00:00\",\"dateModified\":\"2024-01-02T21:54:29+00:00\",\"breadcrumb\":{\"@id\":\"https:\/\/www.encompascare.ca\/accessibility\/#breadcrumb\"},\"inLanguage\":\"fr-CA\",\"potentialAction\":[{\"@type\":\"ReadAction\",\"target\":[\"https:\/\/www.encompascare.ca\/accessibility\/\"]}]},{\"@type\":\"BreadcrumbList\",\"@id\":\"https:\/\/www.encompascare.ca\/accessibility\/#breadcrumb\",\"itemListElement\":[{\"@type\":\"ListItem\",\"position\":1,\"name\":\"Home\",\"item\":\"https:\/\/www.encompascare.ca\/\"},{\"@type\":\"ListItem\",\"position\":2,\"name\":\"Accessibility\"}]},{\"@type\":\"WebSite\",\"@id\":\"https:\/\/www.encompascare.ca\/#website\",\"url\":\"https:\/\/www.encompascare.ca\/\",\"name\":\"Encompas\",\"description\":\"Mental Health Wellness Program\",\"potentialAction\":[{\"@type\":\"SearchAction\",\"target\":{\"@type\":\"EntryPoint\",\"urlTemplate\":\"https:\/\/www.encompascare.ca\/?s={search_term_string}\"},\"query-input\":{\"@type\":\"PropertyValueSpecification\",\"valueRequired\":true,\"valueName\":\"search_term_string\"}}],\"inLanguage\":\"fr-CA\"}]}<\/script>\n<!-- \/ Yoast SEO plugin. -->","yoast_head_json":{"title":"Accessibilit\u00e9 - Encompas","robots":{"index":"index","follow":"follow","max-snippet":"max-snippet:-1","max-image-preview":"max-image-preview:large","max-video-preview":"max-video-preview:-1"},"canonical":"https:\/\/www.encompascare.ca\/fr_ca\/accessibility\/","og_locale":"fr_CA","og_type":"article","og_title":"Accessibility - Encompas","og_url":"https:\/\/www.encompascare.ca\/fr_ca\/accessibility\/","og_site_name":"Encompas","article_modified_time":"2024-01-02T21:54:29+00:00","twitter_card":"summary_large_image","twitter_misc":{"Estimation du temps de lecture":"8 minutes"},"schema":{"@context":"https:\/\/schema.org","@graph":[{"@type":"WebPage","@id":"https:\/\/www.encompascare.ca\/accessibility\/","url":"https:\/\/www.encompascare.ca\/accessibility\/","name":"Accessibilit\u00e9 - Encompas","isPartOf":{"@id":"https:\/\/www.encompascare.ca\/#website"},"datePublished":"2020-03-24T11:59:54+00:00","dateModified":"2024-01-02T21:54:29+00:00","breadcrumb":{"@id":"https:\/\/www.encompascare.ca\/accessibility\/#breadcrumb"},"inLanguage":"fr-CA","potentialAction":[{"@type":"ReadAction","target":["https:\/\/www.encompascare.ca\/accessibility\/"]}]},{"@type":"BreadcrumbList","@id":"https:\/\/www.encompascare.ca\/accessibility\/#breadcrumb","itemListElement":[{"@type":"ListItem","position":1,"name":"Home","item":"https:\/\/www.encompascare.ca\/"},{"@type":"ListItem","position":2,"name":"Accessibility"}]},{"@type":"WebSite","@id":"https:\/\/www.encompascare.ca\/#website","url":"https:\/\/www.encompascare.ca\/","name":"Encompas","description":"Programme de bien-\u00eatre en sant\u00e9 mentale","potentialAction":[{"@type":"SearchAction","target":{"@type":"EntryPoint","urlTemplate":"https:\/\/www.encompascare.ca\/?s={search_term_string}"},"query-input":{"@type":"PropertyValueSpecification","valueRequired":true,"valueName":"search_term_string"}}],"inLanguage":"fr-CA"}]}},"_links":{"self":[{"href":"https:\/\/www.encompascare.ca\/fr_ca\/wp-json\/wp\/v2\/pages\/1451","targetHints":{"allow":["GET"]}}],"collection":[{"href":"https:\/\/www.encompascare.ca\/fr_ca\/wp-json\/wp\/v2\/pages"}],"about":[{"href":"https:\/\/www.encompascare.ca\/fr_ca\/wp-json\/wp\/v2\/types\/page"}],"author":[{"embeddable":true,"href":"https:\/\/www.encompascare.ca\/fr_ca\/wp-json\/wp\/v2\/users\/2"}],"replies":[{"embeddable":true,"href":"https:\/\/www.encompascare.ca\/fr_ca\/wp-json\/wp\/v2\/comments?post=1451"}],"version-history":[{"count":8,"href":"https:\/\/www.encompascare.ca\/fr_ca\/wp-json\/wp\/v2\/pages\/1451\/revisions"}],"predecessor-version":[{"id":5424,"href":"https:\/\/www.encompascare.ca\/fr_ca\/wp-json\/wp\/v2\/pages\/1451\/revisions\/5424"}],"wp:attachment":[{"href":"https:\/\/www.encompascare.ca\/fr_ca\/wp-json\/wp\/v2\/media?parent=1451"}],"curies":[{"name":"wp","href":"https:\/\/api.w.org\/{rel}","templated":true}]}}