{"id":1511,"date":"2020-03-24T13:46:18","date_gmt":"2020-03-24T17:46:18","guid":{"rendered":"http:\/\/www.encompascare.ca.rkd.ca\/?page_id=1511"},"modified":"2021-01-13T19:47:46","modified_gmt":"2021-01-14T00:47:46","slug":"service-indigenous-services","status":"publish","type":"page","link":"https:\/\/www.encompascare.ca\/fr_ca\/services\/service-indigenous-services\/","title":{"rendered":"Services aux Autochtones"},"content":{"rendered":"<div class=\"fusion-fullwidth fullwidth-box fusion-builder-row-1 hundred-percent-fullwidth non-hundred-percent-height-scrolling\"  style='background-color: #ffffff;background-position: center center;background-repeat: no-repeat;padding-top:60px;padding-right:0px;padding-bottom:40px;padding-left:0px;'><div class=\"fusion-builder-row fusion-row\"><div  class=\"fusion-layout-column fusion_builder_column fusion_builder_column_1_1 fusion-builder-column-0 fusion-one-full fusion-column-first fusion-column-last 1_1\"  style='margin-top:0px;margin-bottom:20px;'><div class=\"fusion-column-wrapper\" style=\"padding: 0px 0px 0px 0px;background-position:left top;background-repeat:no-repeat;-webkit-background-size:cover;-moz-background-size:cover;-o-background-size:cover;background-size:cover;\"   data-bg-url=\"\"><div class=\"fusion-text\"><p>Il est important pour la sant\u00e9 et le bien-\u00eatre holistique de chaque personne de pouvoir acc\u00e9der \u00e0 des soins - en particulier des soins de sant\u00e9 mentale - qui soient s\u00e9curitaires culturellement, pertinents et accessibles. Plus pr\u00e9cis\u00e9ment, nous sommes conscients de la position unique des membres autochtones de l'OPPA, et nous nous engageons \u00e0 garantir - non seulement des services cliniques accessibles - mais aussi des services qui sont culturellement sp\u00e9cifiques et pertinents.<\/p>\n<p>Comme indiqu\u00e9 par la Fondation Thunderbird et par Sant\u00e9 Canada dans le Cadre du continuum du mieux-\u00eatre mental des Premi\u00e8res Nations (2015):<\/p>\n<p class=\" translation-block\"><em>\u00ab Le mieux-\u00eatre mental consiste en un \u00e9quilibre entre les aspects mental, physique, spirituel et \u00e9motionnel. Il y a renforcement de cet \u00e9quilibre chez les individus qui ont un <strong>but<\/strong> dans leur vie quotidienne, que ce but passe par l\u2019\u00e9ducation, l\u2019emploi, la prestation de soins ou une fa\u00e7on d\u2019\u00eatre et de faire ancr\u00e9e dans la culture; qui entretiennent \u00e0 l\u2019\u00e9gard de leur avenir et de celui de leur famille un <strong>espoir<\/strong> qui repose sur un sentiment d\u2019identit\u00e9, des valeurs autochtones uniques et une croyance en l\u2019esprit; qui \u00e9prouvent un sentiment <strong>d\u2019appartenance<\/strong> et d\u2019attachement relativement \u00e0 leur famille, \u00e0 leur communaut\u00e9 et \u00e0 leur culture; et qui ont le sentiment que la vie a un <strong>sens<\/strong> et qui comprennent de quelle fa\u00e7on leur vie et celles des membres de leur famille et de leur communaut\u00e9 s\u2019inscrivent dans la cr\u00e9ation et dans une histoire riche. \u00bb (p. 4)<\/em><\/p>\n<p>Au cours des derni\u00e8res ann\u00e9es, notre organisation a eu l\u2019honneur de pouvoir d\u00e9velopper des partenariats solides avec les communaut\u00e9s autochtones et les conseils r\u00e9gionaux du nord de l'Ontario afin de soutenir le d\u00e9veloppement de programmes r\u00e9gionaux et communautaires de bien-\u00eatre en sant\u00e9 mentale qui sont adapt\u00e9s aux besoins uniques de ces communaut\u00e9s. Ces partenariats comprennent des services cliniques directs culturellement s\u00e9curitaires, ainsi que l'\u00e9laboration de programmes de sant\u00e9 mentale qui adoptent une approche bas\u00e9e sur la communaut\u00e9, le renforcement des capacit\u00e9s et le renforcement de la r\u00e9silience.<\/p>\n<p>Bien que des soutiens individuels, tels que des services de counseling et d'\u00e9valuation, soient disponibles, notre organisation s'engage \u00e0 continuer de travailler avec les membres, les communaut\u00e9s et les dirigeants autochtones de l'OPPA pour garantir des soins de sant\u00e9 mentale accessibles, culturellement s\u00e9curitaires et pertinents.<\/p>\n<\/div><div class=\"fusion-clearfix\"><\/div><\/div><\/div><\/div><\/div><style type=\"text\/css\">.fusion-fullwidth.fusion-builder-row-1 a:not(.fusion-button):not(.fusion-builder-module-control):not(.fusion-social-network-icon):not(.fb-icon-element):not(.fusion-countdown-link):not(.fusion-rollover-link):not(.fusion-rollover-gallery):not(.add_to_cart_button):not(.show_details_button):not(.product_type_external):not(.fusion-quick-view):not(.fusion-rollover-title-link) , .fusion-fullwidth.fusion-builder-row-1 a:not(.fusion-button):not(.fusion-builder-module-control):not(.fusion-social-network-icon):not(.fb-icon-element):not(.fusion-countdown-link):not(.fusion-rollover-link):not(.fusion-rollover-gallery):not(.add_to_cart_button):not(.show_details_button):not(.product_type_external):not(.fusion-quick-view):not(.fusion-rollover-title-link):before, .fusion-fullwidth.fusion-builder-row-1 a:not(.fusion-button):not(.fusion-builder-module-control):not(.fusion-social-network-icon):not(.fb-icon-element):not(.fusion-countdown-link):not(.fusion-rollover-link):not(.fusion-rollover-gallery):not(.add_to_cart_button):not(.show_details_button):not(.product_type_external):not(.fusion-quick-view):not(.fusion-rollover-title-link):after {color: #08538a;}.fusion-fullwidth.fusion-builder-row-1 a:not(.fusion-button):not(.fusion-builder-module-control):not(.fusion-social-network-icon):not(.fb-icon-element):not(.fusion-countdown-link):not(.fusion-rollover-link):not(.fusion-rollover-gallery):not(.add_to_cart_button):not(.show_details_button):not(.product_type_external):not(.fusion-quick-view):not(.fusion-rollover-title-link):hover, .fusion-fullwidth.fusion-builder-row-1 a:not(.fusion-button):not(.fusion-builder-module-control):not(.fusion-social-network-icon):not(.fb-icon-element):not(.fusion-countdown-link):not(.fusion-rollover-link):not(.fusion-rollover-gallery):not(.add_to_cart_button):not(.show_details_button):not(.product_type_external):not(.fusion-quick-view):not(.fusion-rollover-title-link):hover:before, .fusion-fullwidth.fusion-builder-row-1 a:not(.fusion-button):not(.fusion-builder-module-control):not(.fusion-social-network-icon):not(.fb-icon-element):not(.fusion-countdown-link):not(.fusion-rollover-link):not(.fusion-rollover-gallery):not(.add_to_cart_button):not(.show_details_button):not(.product_type_external):not(.fusion-quick-view):not(.fusion-rollover-title-link):hover:after {color: #08538a;}.fusion-fullwidth.fusion-builder-row-1 .pagination a.inactive:hover, .fusion-fullwidth.fusion-builder-row-1 .fusion-filters .fusion-filter.fusion-active a {border-color: #08538a;}.fusion-fullwidth.fusion-builder-row-1 .pagination .current {border-color: #08538a; background-color: #08538a;}.fusion-fullwidth.fusion-builder-row-1 .fusion-filters .fusion-filter.fusion-active a, .fusion-fullwidth.fusion-builder-row-1 .fusion-date-and-formats .fusion-format-box, .fusion-fullwidth.fusion-builder-row-1 .fusion-popover, .fusion-fullwidth.fusion-builder-row-1 .tooltip-shortcode {color: #08538a;}#main .fusion-fullwidth.fusion-builder-row-1 .post .blog-shortcode-post-title a:hover {color: #08538a;}<\/style>","protected":false},"excerpt":{"rendered":"","protected":false},"author":2,"featured_media":0,"parent":3845,"menu_order":0,"comment_status":"closed","ping_status":"closed","template":"side-navigation.php","meta":{"_acf_changed":false,"footnotes":""},"class_list":["post-1511","page","type-page","status-publish","hentry"],"acf":[],"yoast_head":"<!-- This site is optimized with the Yoast SEO plugin v25.2 - https:\/\/yoast.com\/wordpress\/plugins\/seo\/ -->\n<title>Indigenous Services - Encompas<\/title>\n<meta name=\"robots\" content=\"index, follow, max-snippet:-1, max-image-preview:large, max-video-preview:-1\" \/>\n<link rel=\"canonical\" href=\"https:\/\/www.encompascare.ca\/fr_ca\/services\/service-indigenous-services\/\" \/>\n<meta property=\"og:locale\" content=\"fr_CA\" \/>\n<meta property=\"og:type\" content=\"article\" \/>\n<meta property=\"og:title\" content=\"Indigenous Services - Encompas\" \/>\n<meta property=\"og:url\" content=\"https:\/\/www.encompascare.ca\/fr_ca\/services\/service-indigenous-services\/\" \/>\n<meta property=\"og:site_name\" content=\"Encompas\" \/>\n<meta property=\"article:modified_time\" content=\"2021-01-14T00:47:46+00:00\" \/>\n<meta name=\"twitter:card\" content=\"summary_large_image\" \/>\n<meta name=\"twitter:label1\" content=\"Estimation du temps de lecture\" \/>\n\t<meta name=\"twitter:data1\" content=\"3 minutes\" \/>\n<script type=\"application\/ld+json\" class=\"yoast-schema-graph\">{\"@context\":\"https:\/\/schema.org\",\"@graph\":[{\"@type\":\"WebPage\",\"@id\":\"https:\/\/www.encompascare.ca\/services\/service-indigenous-services\/\",\"url\":\"https:\/\/www.encompascare.ca\/services\/service-indigenous-services\/\",\"name\":\"Indigenous Services - Encompas\",\"isPartOf\":{\"@id\":\"https:\/\/www.encompascare.ca\/#website\"},\"datePublished\":\"2020-03-24T17:46:18+00:00\",\"dateModified\":\"2021-01-14T00:47:46+00:00\",\"breadcrumb\":{\"@id\":\"https:\/\/www.encompascare.ca\/services\/service-indigenous-services\/#breadcrumb\"},\"inLanguage\":\"fr-CA\",\"potentialAction\":[{\"@type\":\"ReadAction\",\"target\":[\"https:\/\/www.encompascare.ca\/services\/service-indigenous-services\/\"]}]},{\"@type\":\"BreadcrumbList\",\"@id\":\"https:\/\/www.encompascare.ca\/services\/service-indigenous-services\/#breadcrumb\",\"itemListElement\":[{\"@type\":\"ListItem\",\"position\":1,\"name\":\"Home\",\"item\":\"https:\/\/www.encompascare.ca\/\"},{\"@type\":\"ListItem\",\"position\":2,\"name\":\"Services\",\"item\":\"https:\/\/www.encompascare.ca\/services\/\"},{\"@type\":\"ListItem\",\"position\":3,\"name\":\"Indigenous Services\"}]},{\"@type\":\"WebSite\",\"@id\":\"https:\/\/www.encompascare.ca\/#website\",\"url\":\"https:\/\/www.encompascare.ca\/\",\"name\":\"Encompas\",\"description\":\"Mental Health Wellness Program\",\"potentialAction\":[{\"@type\":\"SearchAction\",\"target\":{\"@type\":\"EntryPoint\",\"urlTemplate\":\"https:\/\/www.encompascare.ca\/?s={search_term_string}\"},\"query-input\":{\"@type\":\"PropertyValueSpecification\",\"valueRequired\":true,\"valueName\":\"search_term_string\"}}],\"inLanguage\":\"fr-CA\"}]}<\/script>\n<!-- \/ Yoast SEO plugin. -->","yoast_head_json":{"title":"Services indig\u00e8nes - Encompas","robots":{"index":"index","follow":"follow","max-snippet":"max-snippet:-1","max-image-preview":"max-image-preview:large","max-video-preview":"max-video-preview:-1"},"canonical":"https:\/\/www.encompascare.ca\/fr_ca\/services\/service-indigenous-services\/","og_locale":"fr_CA","og_type":"article","og_title":"Indigenous Services - Encompas","og_url":"https:\/\/www.encompascare.ca\/fr_ca\/services\/service-indigenous-services\/","og_site_name":"Encompas","article_modified_time":"2021-01-14T00:47:46+00:00","twitter_card":"summary_large_image","twitter_misc":{"Estimation du temps de lecture":"3 minutes"},"schema":{"@context":"https:\/\/schema.org","@graph":[{"@type":"WebPage","@id":"https:\/\/www.encompascare.ca\/services\/service-indigenous-services\/","url":"https:\/\/www.encompascare.ca\/services\/service-indigenous-services\/","name":"Services indig\u00e8nes - Encompas","isPartOf":{"@id":"https:\/\/www.encompascare.ca\/#website"},"datePublished":"2020-03-24T17:46:18+00:00","dateModified":"2021-01-14T00:47:46+00:00","breadcrumb":{"@id":"https:\/\/www.encompascare.ca\/services\/service-indigenous-services\/#breadcrumb"},"inLanguage":"fr-CA","potentialAction":[{"@type":"ReadAction","target":["https:\/\/www.encompascare.ca\/services\/service-indigenous-services\/"]}]},{"@type":"BreadcrumbList","@id":"https:\/\/www.encompascare.ca\/services\/service-indigenous-services\/#breadcrumb","itemListElement":[{"@type":"ListItem","position":1,"name":"Home","item":"https:\/\/www.encompascare.ca\/"},{"@type":"ListItem","position":2,"name":"Services","item":"https:\/\/www.encompascare.ca\/services\/"},{"@type":"ListItem","position":3,"name":"Indigenous Services"}]},{"@type":"WebSite","@id":"https:\/\/www.encompascare.ca\/#website","url":"https:\/\/www.encompascare.ca\/","name":"Encompas","description":"Programme de bien-\u00eatre en sant\u00e9 mentale","potentialAction":[{"@type":"SearchAction","target":{"@type":"EntryPoint","urlTemplate":"https:\/\/www.encompascare.ca\/?s={search_term_string}"},"query-input":{"@type":"PropertyValueSpecification","valueRequired":true,"valueName":"search_term_string"}}],"inLanguage":"fr-CA"}]}},"_links":{"self":[{"href":"https:\/\/www.encompascare.ca\/fr_ca\/wp-json\/wp\/v2\/pages\/1511","targetHints":{"allow":["GET"]}}],"collection":[{"href":"https:\/\/www.encompascare.ca\/fr_ca\/wp-json\/wp\/v2\/pages"}],"about":[{"href":"https:\/\/www.encompascare.ca\/fr_ca\/wp-json\/wp\/v2\/types\/page"}],"author":[{"embeddable":true,"href":"https:\/\/www.encompascare.ca\/fr_ca\/wp-json\/wp\/v2\/users\/2"}],"replies":[{"embeddable":true,"href":"https:\/\/www.encompascare.ca\/fr_ca\/wp-json\/wp\/v2\/comments?post=1511"}],"version-history":[{"count":3,"href":"https:\/\/www.encompascare.ca\/fr_ca\/wp-json\/wp\/v2\/pages\/1511\/revisions"}],"predecessor-version":[{"id":3736,"href":"https:\/\/www.encompascare.ca\/fr_ca\/wp-json\/wp\/v2\/pages\/1511\/revisions\/3736"}],"up":[{"embeddable":true,"href":"https:\/\/www.encompascare.ca\/fr_ca\/wp-json\/wp\/v2\/pages\/3845"}],"wp:attachment":[{"href":"https:\/\/www.encompascare.ca\/fr_ca\/wp-json\/wp\/v2\/media?parent=1511"}],"curies":[{"name":"wp","href":"https:\/\/api.w.org\/{rel}","templated":true}]}}