{"id":3827,"date":"2020-09-24T18:51:07","date_gmt":"2020-09-24T22:51:07","guid":{"rendered":"https:\/\/www.encompascare.ca\/?page_id=3827"},"modified":"2024-06-28T11:26:00","modified_gmt":"2024-06-28T15:26:00","slug":"service-counselling","status":"publish","type":"page","link":"https:\/\/www.encompascare.ca\/fr_ca\/services\/service-counselling\/","title":{"rendered":"Counseling"},"content":{"rendered":"<div class=\"fusion-fullwidth fullwidth-box fusion-builder-row-1 hundred-percent-fullwidth non-hundred-percent-height-scrolling\"  style='background-color: #ffffff;background-position: center center;background-repeat: no-repeat;padding-top:60px;padding-right:0px;padding-bottom:40px;padding-left:0px;'><div class=\"fusion-builder-row fusion-row\"><div  class=\"fusion-layout-column fusion_builder_column fusion_builder_column_1_1 fusion-builder-column-0 fusion-one-full fusion-column-first fusion-column-last 1_1\"  style='margin-top:0px;margin-bottom:20px;'><div class=\"fusion-column-wrapper\" style=\"padding: 0px 0px 0px 0px;background-position:left top;background-repeat:no-repeat;-webkit-background-size:cover;-moz-background-size:cover;-o-background-size:cover;background-size:cover;\"   data-bg-url=\"\"><div class=\"fusion-text\"><p>La sant\u00e9 mentale compte autant que notre sant\u00e9 physique.<\/p>\n<p>Notre sant\u00e9 mentale inclut des pens\u00e9es, des sentiments, des actions, des interactions avec les autres et notre capacit\u00e9 \u00e0 faire face \u00e0 la vie quotidienne. Souvent, la d\u00e9pression est li\u00e9e \u00e0 des maux de t\u00eate, l'anxi\u00e9t\u00e9 est li\u00e9e \u00e0 des probl\u00e8mes gastro-intestinaux, et un traumatisme peut entra\u00eener confusion, fatigue et hyperventilation. Sans avoir de bien-\u00eatre mental, nous ne pouvons pas \u00eatre des personnes enti\u00e8rement en bonne sant\u00e9, ce qui a un impact sur notre implication avec les autres et notre efficacit\u00e9 au travail.<\/p>\n<p>Encompas, pr\u00e9sent\u00e9 par Dalton Associates, s'efforce de fournir des services personnalis\u00e9s de traitements psychologiques, psychoth\u00e9rapeutiques et de counseling. Plus particuli\u00e8rement, les cliniciens qui soutiennent le programme Encompas poss\u00e8dent de l\u2019expertise et de l\u2019exp\u00e9rience dans le soutien au niveau des besoins en sant\u00e9 mentale des agents de police, de leurs familles, des personnes qui sont impliqu\u00e9es dans d'autres aspects du maintien de l\u2019ordre public et des retrait\u00e9s de ce domaine.\u00a0<\/p>\n<p>Les services de conseil offerts par Encompas sont conformes \u00e0 la l\u00e9gislation pertinente et aux normes de conduite professionnelle, telles qu'elles sont r\u00e9gies par l'Ordre des psychologues et des analystes du comportement de l'Ontario et par d'autres ordres professionnels pertinents dans tout le pays. Ces services comprennent<\/p>\n<p><b>Th\u00e9rapie psychologique directe : <\/b><\/p>\n<p>La th\u00e9rapie psychologique directe est fournie directement par des psychologues agr\u00e9\u00e9s et des associ\u00e9s en psychologie, qui sont membres en r\u00e8gle de l'Ordre des psychologues et des analystes du comportement de l'Ontario. Les psychologues travaillent avec des individus, des couples et des familles pour les aider \u00e0 surmonter leurs difficult\u00e9s et \u00e0 favoriser leur bien-\u00eatre mental. La th\u00e9rapie psychologique est un processus de collaboration entre le psychologue et le client, et se d\u00e9roule dans un environnement de soutien, sans jugement et confidentiel.<\/p>\n<p><strong>Counseling psychologique supervis\u00e9: <\/strong><\/p>\n<p>Les consultations psychologiques supervis\u00e9es sont men\u00e9es sous la licence et la supervision directe d'un psychologue agr\u00e9\u00e9, membre en r\u00e8gle de l'Ordre des psychologues et des analystes du comportement de l'Ontario. Le conseil est dispens\u00e9 par l'assistant clinique supervis\u00e9 par le psychologue - un psychoth\u00e9rapeute agr\u00e9\u00e9, un travailleur social agr\u00e9\u00e9, une infirmi\u00e8re agr\u00e9\u00e9e, etc.  Ce mod\u00e8le de consultation est r\u00e9glement\u00e9 par l'Ordre des psychologues et des analystes du comportement de l'Ontario et offre aux clients un niveau suppl\u00e9mentaire de soutien et d'acc\u00e8s \u00e0 des services psychologiques s\u00fbrs et de qualit\u00e9.<\/p>\n<p><strong>Psychoth\u00e9rapie:<\/strong><\/p>\n<p>La psychoth\u00e9rapie a lieu lorsque le psychoth\u00e9rapeute agr\u00e9\u00e9 et le client entament une relation psychoth\u00e9rapeutique et travaillent ensemble pour apporter un changement positif au niveau des pens\u00e9es, des sentiments, du comportement et du fonctionnement social du client. La psychoth\u00e9rapie peut \u00eatre utile pour les sentiments, les humeurs et les comportements qui nuisent \u00e0 la vie quotidienne, aux relations, et \u00e0 la capacit\u00e9 de profiter de la vie. Les types de modalit\u00e9s de traitement comprennent la th\u00e9rapie cognitivo-comportementale, la th\u00e9rapie centr\u00e9e sur les \u00e9motions, la d\u00e9sensibilisation des mouvements oculaires (EMDR) et plus encore. Les psychoth\u00e9rapeutes travaillent avec des individus, des couples et des familles dans des configurations individuelles et de groupe. Les psychoth\u00e9rapeutes agr\u00e9\u00e9s sont des professionnels de la sant\u00e9 r\u00e9glement\u00e9s dans la province de l'Ontario, aupr\u00e8s de l'Ordre des psychoth\u00e9rapeutes autoris\u00e9s de l'Ontario.<\/p>\n<p><strong>Counseling en travail social:\u00a0<\/strong><\/p>\n<p>Ce type de counseling est fourni directement par des travailleurs sociaux inscrits aupr\u00e8s de l'Ordre des travailleurs sociaux et des techniciens en travail social de l'Ontario, sous leur propre licence professionnelle. La consultation est offerte aux travailleurs sociaux par des psychologues et des psychiatres agr\u00e9\u00e9s. Les travailleurs sociaux sont form\u00e9s pour aborder les clients par le biais d\u2019une lentille biopsychosociale, et ils ou elles peuvent les aider \u00e0 s\u2019attaquer \u00e0 une vari\u00e9t\u00e9 de d\u00e9fis qui affectent leur vie quotidienne, notamment les probl\u00e8mes de sant\u00e9 mentale. Ils et elles peuvent fournir des conseils, offrir des outils et des ressources et aider les personnes \u00e0 naviguer au sein des services dont elles ont besoin.\u00a0<\/p>\n<\/div><div class=\"fusion-clearfix\"><\/div><\/div><\/div><\/div><\/div><style type=\"text\/css\">.fusion-fullwidth.fusion-builder-row-1 a:not(.fusion-button):not(.fusion-builder-module-control):not(.fusion-social-network-icon):not(.fb-icon-element):not(.fusion-countdown-link):not(.fusion-rollover-link):not(.fusion-rollover-gallery):not(.add_to_cart_button):not(.show_details_button):not(.product_type_external):not(.fusion-quick-view):not(.fusion-rollover-title-link) , .fusion-fullwidth.fusion-builder-row-1 a:not(.fusion-button):not(.fusion-builder-module-control):not(.fusion-social-network-icon):not(.fb-icon-element):not(.fusion-countdown-link):not(.fusion-rollover-link):not(.fusion-rollover-gallery):not(.add_to_cart_button):not(.show_details_button):not(.product_type_external):not(.fusion-quick-view):not(.fusion-rollover-title-link):before, .fusion-fullwidth.fusion-builder-row-1 a:not(.fusion-button):not(.fusion-builder-module-control):not(.fusion-social-network-icon):not(.fb-icon-element):not(.fusion-countdown-link):not(.fusion-rollover-link):not(.fusion-rollover-gallery):not(.add_to_cart_button):not(.show_details_button):not(.product_type_external):not(.fusion-quick-view):not(.fusion-rollover-title-link):after {color: #08538a;}.fusion-fullwidth.fusion-builder-row-1 a:not(.fusion-button):not(.fusion-builder-module-control):not(.fusion-social-network-icon):not(.fb-icon-element):not(.fusion-countdown-link):not(.fusion-rollover-link):not(.fusion-rollover-gallery):not(.add_to_cart_button):not(.show_details_button):not(.product_type_external):not(.fusion-quick-view):not(.fusion-rollover-title-link):hover, .fusion-fullwidth.fusion-builder-row-1 a:not(.fusion-button):not(.fusion-builder-module-control):not(.fusion-social-network-icon):not(.fb-icon-element):not(.fusion-countdown-link):not(.fusion-rollover-link):not(.fusion-rollover-gallery):not(.add_to_cart_button):not(.show_details_button):not(.product_type_external):not(.fusion-quick-view):not(.fusion-rollover-title-link):hover:before, .fusion-fullwidth.fusion-builder-row-1 a:not(.fusion-button):not(.fusion-builder-module-control):not(.fusion-social-network-icon):not(.fb-icon-element):not(.fusion-countdown-link):not(.fusion-rollover-link):not(.fusion-rollover-gallery):not(.add_to_cart_button):not(.show_details_button):not(.product_type_external):not(.fusion-quick-view):not(.fusion-rollover-title-link):hover:after {color: #08538a;}.fusion-fullwidth.fusion-builder-row-1 .pagination a.inactive:hover, .fusion-fullwidth.fusion-builder-row-1 .fusion-filters .fusion-filter.fusion-active a {border-color: #08538a;}.fusion-fullwidth.fusion-builder-row-1 .pagination .current {border-color: #08538a; background-color: #08538a;}.fusion-fullwidth.fusion-builder-row-1 .fusion-filters .fusion-filter.fusion-active a, .fusion-fullwidth.fusion-builder-row-1 .fusion-date-and-formats .fusion-format-box, .fusion-fullwidth.fusion-builder-row-1 .fusion-popover, .fusion-fullwidth.fusion-builder-row-1 .tooltip-shortcode {color: #08538a;}#main .fusion-fullwidth.fusion-builder-row-1 .post .blog-shortcode-post-title a:hover {color: #08538a;}<\/style>","protected":false},"excerpt":{"rendered":"","protected":false},"author":2,"featured_media":0,"parent":3845,"menu_order":0,"comment_status":"closed","ping_status":"closed","template":"side-navigation.php","meta":{"_acf_changed":false,"footnotes":""},"class_list":["post-3827","page","type-page","status-publish","hentry"],"acf":[],"yoast_head":"<!-- This site is optimized with the Yoast SEO plugin v25.2 - https:\/\/yoast.com\/wordpress\/plugins\/seo\/ -->\n<title>Counselling - Encompas<\/title>\n<meta name=\"robots\" content=\"index, follow, max-snippet:-1, max-image-preview:large, max-video-preview:-1\" \/>\n<link rel=\"canonical\" href=\"https:\/\/www.encompascare.ca\/fr_ca\/services\/service-counselling\/\" \/>\n<meta property=\"og:locale\" content=\"fr_CA\" \/>\n<meta property=\"og:type\" content=\"article\" \/>\n<meta property=\"og:title\" content=\"Counselling - Encompas\" \/>\n<meta property=\"og:url\" content=\"https:\/\/www.encompascare.ca\/fr_ca\/services\/service-counselling\/\" \/>\n<meta property=\"og:site_name\" content=\"Encompas\" \/>\n<meta property=\"article:modified_time\" content=\"2024-06-28T15:26:00+00:00\" \/>\n<meta name=\"twitter:card\" content=\"summary_large_image\" \/>\n<meta name=\"twitter:label1\" content=\"Estimation du temps de lecture\" \/>\n\t<meta name=\"twitter:data1\" content=\"4 minutes\" \/>\n<script type=\"application\/ld+json\" class=\"yoast-schema-graph\">{\"@context\":\"https:\/\/schema.org\",\"@graph\":[{\"@type\":\"WebPage\",\"@id\":\"https:\/\/www.encompascare.ca\/services\/service-counselling\/\",\"url\":\"https:\/\/www.encompascare.ca\/services\/service-counselling\/\",\"name\":\"Counselling - Encompas\",\"isPartOf\":{\"@id\":\"https:\/\/www.encompascare.ca\/#website\"},\"datePublished\":\"2020-09-24T22:51:07+00:00\",\"dateModified\":\"2024-06-28T15:26:00+00:00\",\"breadcrumb\":{\"@id\":\"https:\/\/www.encompascare.ca\/services\/service-counselling\/#breadcrumb\"},\"inLanguage\":\"fr-CA\",\"potentialAction\":[{\"@type\":\"ReadAction\",\"target\":[\"https:\/\/www.encompascare.ca\/services\/service-counselling\/\"]}]},{\"@type\":\"BreadcrumbList\",\"@id\":\"https:\/\/www.encompascare.ca\/services\/service-counselling\/#breadcrumb\",\"itemListElement\":[{\"@type\":\"ListItem\",\"position\":1,\"name\":\"Home\",\"item\":\"https:\/\/www.encompascare.ca\/\"},{\"@type\":\"ListItem\",\"position\":2,\"name\":\"Services\",\"item\":\"https:\/\/www.encompascare.ca\/services\/\"},{\"@type\":\"ListItem\",\"position\":3,\"name\":\"Counselling\"}]},{\"@type\":\"WebSite\",\"@id\":\"https:\/\/www.encompascare.ca\/#website\",\"url\":\"https:\/\/www.encompascare.ca\/\",\"name\":\"Encompas\",\"description\":\"Mental Health Wellness Program\",\"potentialAction\":[{\"@type\":\"SearchAction\",\"target\":{\"@type\":\"EntryPoint\",\"urlTemplate\":\"https:\/\/www.encompascare.ca\/?s={search_term_string}\"},\"query-input\":{\"@type\":\"PropertyValueSpecification\",\"valueRequired\":true,\"valueName\":\"search_term_string\"}}],\"inLanguage\":\"fr-CA\"}]}<\/script>\n<!-- \/ Yoast SEO plugin. -->","yoast_head_json":{"title":"Conseils - Encompas","robots":{"index":"index","follow":"follow","max-snippet":"max-snippet:-1","max-image-preview":"max-image-preview:large","max-video-preview":"max-video-preview:-1"},"canonical":"https:\/\/www.encompascare.ca\/fr_ca\/services\/service-counselling\/","og_locale":"fr_CA","og_type":"article","og_title":"Counselling - Encompas","og_url":"https:\/\/www.encompascare.ca\/fr_ca\/services\/service-counselling\/","og_site_name":"Encompas","article_modified_time":"2024-06-28T15:26:00+00:00","twitter_card":"summary_large_image","twitter_misc":{"Estimation du temps de lecture":"4 minutes"},"schema":{"@context":"https:\/\/schema.org","@graph":[{"@type":"WebPage","@id":"https:\/\/www.encompascare.ca\/services\/service-counselling\/","url":"https:\/\/www.encompascare.ca\/services\/service-counselling\/","name":"Conseils - Encompas","isPartOf":{"@id":"https:\/\/www.encompascare.ca\/#website"},"datePublished":"2020-09-24T22:51:07+00:00","dateModified":"2024-06-28T15:26:00+00:00","breadcrumb":{"@id":"https:\/\/www.encompascare.ca\/services\/service-counselling\/#breadcrumb"},"inLanguage":"fr-CA","potentialAction":[{"@type":"ReadAction","target":["https:\/\/www.encompascare.ca\/services\/service-counselling\/"]}]},{"@type":"BreadcrumbList","@id":"https:\/\/www.encompascare.ca\/services\/service-counselling\/#breadcrumb","itemListElement":[{"@type":"ListItem","position":1,"name":"Home","item":"https:\/\/www.encompascare.ca\/"},{"@type":"ListItem","position":2,"name":"Services","item":"https:\/\/www.encompascare.ca\/services\/"},{"@type":"ListItem","position":3,"name":"Counselling"}]},{"@type":"WebSite","@id":"https:\/\/www.encompascare.ca\/#website","url":"https:\/\/www.encompascare.ca\/","name":"Encompas","description":"Programme de bien-\u00eatre en sant\u00e9 mentale","potentialAction":[{"@type":"SearchAction","target":{"@type":"EntryPoint","urlTemplate":"https:\/\/www.encompascare.ca\/?s={search_term_string}"},"query-input":{"@type":"PropertyValueSpecification","valueRequired":true,"valueName":"search_term_string"}}],"inLanguage":"fr-CA"}]}},"_links":{"self":[{"href":"https:\/\/www.encompascare.ca\/fr_ca\/wp-json\/wp\/v2\/pages\/3827","targetHints":{"allow":["GET"]}}],"collection":[{"href":"https:\/\/www.encompascare.ca\/fr_ca\/wp-json\/wp\/v2\/pages"}],"about":[{"href":"https:\/\/www.encompascare.ca\/fr_ca\/wp-json\/wp\/v2\/types\/page"}],"author":[{"embeddable":true,"href":"https:\/\/www.encompascare.ca\/fr_ca\/wp-json\/wp\/v2\/users\/2"}],"replies":[{"embeddable":true,"href":"https:\/\/www.encompascare.ca\/fr_ca\/wp-json\/wp\/v2\/comments?post=3827"}],"version-history":[{"count":14,"href":"https:\/\/www.encompascare.ca\/fr_ca\/wp-json\/wp\/v2\/pages\/3827\/revisions"}],"predecessor-version":[{"id":5608,"href":"https:\/\/www.encompascare.ca\/fr_ca\/wp-json\/wp\/v2\/pages\/3827\/revisions\/5608"}],"up":[{"embeddable":true,"href":"https:\/\/www.encompascare.ca\/fr_ca\/wp-json\/wp\/v2\/pages\/3845"}],"wp:attachment":[{"href":"https:\/\/www.encompascare.ca\/fr_ca\/wp-json\/wp\/v2\/media?parent=3827"}],"curies":[{"name":"wp","href":"https:\/\/api.w.org\/{rel}","templated":true}]}}