{"id":3834,"date":"2020-09-25T08:00:49","date_gmt":"2020-09-25T12:00:49","guid":{"rendered":"https:\/\/www.encompascare.ca\/?page_id=3834"},"modified":"2021-01-13T19:47:19","modified_gmt":"2021-01-14T00:47:19","slug":"service-assessments","status":"publish","type":"page","link":"https:\/\/www.encompascare.ca\/fr_ca\/services\/service-assessments\/","title":{"rendered":"\u00c9valuations"},"content":{"rendered":"<div class=\"fusion-fullwidth fullwidth-box fusion-builder-row-1 hundred-percent-fullwidth non-hundred-percent-height-scrolling\"  style='background-color: #ffffff;background-position: center center;background-repeat: no-repeat;padding-top:60px;padding-right:0px;padding-bottom:40px;padding-left:0px;'><div class=\"fusion-builder-row fusion-row\"><div  class=\"fusion-layout-column fusion_builder_column fusion_builder_column_1_1 fusion-builder-column-0 fusion-one-full fusion-column-first fusion-column-last 1_1\"  style='margin-top:0px;margin-bottom:20px;'><div class=\"fusion-column-wrapper\" style=\"padding: 0px 0px 0px 0px;background-position:left top;background-repeat:no-repeat;-webkit-background-size:cover;-moz-background-size:cover;-o-background-size:cover;background-size:cover;\"   data-bg-url=\"\"><div class=\"fusion-text\"><p>Encompas offre un acc\u00e8s direct \u00e0 des \u00e9valuations psychologiques et psychiatriques qui sont men\u00e9es de mani\u00e8re accessible et centr\u00e9e sur le client. Une \u00e9valuation de la sant\u00e9 mentale peut fournir aux cliniciens et aux clients une meilleure compr\u00e9hension du comportement, des pens\u00e9es et des sentiments. Cela permet le d\u00e9veloppement d'un plan de traitement adapt\u00e9 aux besoins individuels.<\/p>\n<p>Notre \u00e9quipe compos\u00e9e de psychologues agr\u00e9\u00e9s, d'associ\u00e9s en psychologie, et de psychiatres, peut fournir une vari\u00e9t\u00e9 d'\u00e9valuations diff\u00e9rentes, y compris, mais sans s'y limiter :\u00a0<\/p>\n<\/div><div class=\"fusion-sep-clear\"><\/div><div class=\"fusion-separator fusion-full-width-sep sep-none\" style=\"margin-left: auto;margin-right: auto;margin-top:10px;\"><\/div><style type=\"text\/css\">#accordion-3834-1 .fusion-panel:hover, #accordion-3834-1 .fusion-panel.hover{ background-color: #ffffff } #accordion-3834-1 .fusion-panel { border-color:#dddddd; border-width:1px; background-color:#f0f0f0; }.fusion-accordian  #accordion-3834-1 .panel-title a .fa-fusion-box{ color: #ffffff;}.fusion-accordian  #accordion-3834-1 .panel-title a .fa-fusion-box:before{ font-size: 16px; width: 16px;}.fusion-accordian  #accordion-3834-1 .panel-title a{font-size:18px;}.fusion-accordian  #accordion-3834-1 .fa-fusion-box { background-color: #212934;border-color: #212934;}.fusion-accordian  #accordion-3834-1 .panel-title a:hover, #accordion-3834-1 .fusion-toggle-boxed-mode:hover .panel-title a { color: #444444;}.fusion-accordian  #accordion-3834-1 .panel-title .active .fa-fusion-box,.fusion-accordian  #accordion-3834-1 .panel-title a:hover .fa-fusion-box { background-color: #444444!important;border-color: #444444!important;}<\/style><div class=\"accordian fusion-accordian\"><div class=\"panel-group\" id=\"accordion-3834-1\" role=\"tablist\"><div class=\"fusion-panel panel-default fusion-toggle-no-divider fusion-toggle-boxed-mode\" role=\"tabpanel\"><div class=\"panel-heading\"><h4 class=\"panel-title toggle\"><a aria-expanded=\"false\" aria-selected=\"false\" aria-controls=\"2028e172eebcb6fdb\" role=\"tab\" data-toggle=\"collapse\" data-parent=\"#accordion-3834-1\" data-target=\"#2028e172eebcb6fdb\" href=\"#2028e172eebcb6fdb\"><span class=\"fusion-toggle-icon-wrapper\" aria-hidden=\"true\"><i class=\"fa-fusion-box\"><\/i><\/span><span class=\"fusion-toggle-heading\">Diagnostic de sant\u00e9 mentale<\/span><\/a><\/h4><\/div><div id=\"2028e172eebcb6fdb\" class=\"panel-collapse collapse\"><div class=\"panel-body toggle-content fusion-clearfix\">\n<p>Un diagnostic de sant\u00e9 mentale peut impliquer \u00e0 la fois des \u00e9valuations cliniques et fonctionnelles afin de d\u00e9terminer l\u2019\u00e9tat de sant\u00e9 mentale actuel d\u2019une personne. Il s'agit d'une \u00e9tape importante vers le traitement car un diagnostic peut d\u00e9terminer les options appropri\u00e9es les mieux adapt\u00e9es \u00e0 une personne. Ce type d'\u00e9valuation compl\u00e8te est effectu\u00e9 par un psychologue agr\u00e9\u00e9 et peut n\u00e9cessiter de 2 \u00e0 8 heures pour g\u00e9n\u00e9rer un rapport de diagnostic complet et des recommandations de traitement.\u00a0<\/p>\n<\/div><\/div><\/div><div class=\"fusion-panel panel-default fusion-toggle-no-divider fusion-toggle-boxed-mode\" role=\"tabpanel\"><div class=\"panel-heading\"><h4 class=\"panel-title toggle\"><a aria-expanded=\"false\" aria-selected=\"false\" aria-controls=\"ecb152bf3f605186b\" role=\"tab\" data-toggle=\"collapse\" data-parent=\"#accordion-3834-1\" data-target=\"#ecb152bf3f605186b\" href=\"#ecb152bf3f605186b\"><span class=\"fusion-toggle-icon-wrapper\" aria-hidden=\"true\"><i class=\"fa-fusion-box\"><\/i><\/span><span class=\"fusion-toggle-heading\">Tests pharmacog\u00e9n\u00e9tiques<\/span><\/a><\/h4><\/div><div id=\"ecb152bf3f605186b\" class=\"panel-collapse collapse\"><div class=\"panel-body toggle-content fusion-clearfix\">\n<p>Un psychiatre effectuera cette \u00e9valuation et interpr\u00e9tera les r\u00e9sultats d'un laboratoire pour aider \u00e0 d\u00e9terminer le m\u00e9dicament le plus appropri\u00e9 pour une personne. Le test examine des g\u00e8nes sp\u00e9cifiques et peut d\u00e9terminer si un certain m\u00e9dicament peut \u00eatre efficace, quelle posologie pourrait \u00eatre la plus appropri\u00e9e, et \/ ou pr\u00e9dire si une personne peut avoir des effets secondaires en raison de la prescription potentielle d\u2019un m\u00e9dicament.<\/p>\n<\/div><\/div><\/div><div class=\"fusion-panel panel-default fusion-toggle-no-divider fusion-toggle-boxed-mode\" role=\"tabpanel\"><div class=\"panel-heading\"><h4 class=\"panel-title toggle\"><a aria-expanded=\"false\" aria-selected=\"false\" aria-controls=\"daad200ee485e5aa7\" role=\"tab\" data-toggle=\"collapse\" data-parent=\"#accordion-3834-1\" data-target=\"#daad200ee485e5aa7\" href=\"#daad200ee485e5aa7\"><span class=\"fusion-toggle-icon-wrapper\" aria-hidden=\"true\"><i class=\"fa-fusion-box\"><\/i><\/span><span class=\"fusion-toggle-heading\">\u00c9valuation pr\u00e9alable des traitements r\u00e9sidentiels<\/span><\/a><\/h4><\/div><div id=\"daad200ee485e5aa7\" class=\"panel-collapse collapse\"><div class=\"panel-body toggle-content fusion-clearfix\">L'\u00e9valuation pr\u00e9alable du traitement r\u00e9sidentiel sert \u00e0 d\u00e9terminer (1) si une personne peut \u00eatre candidate \u00e0 des soins r\u00e9sidentiels, (2) quel programme r\u00e9sidentiel peut s\u2019av\u00e9rer le plus avantageux pour la sant\u00e9 mentale et le bien-\u00eatre du client en fonction de ses objectifs personnels, et (3) des recommandations de traitements alternatifs et \/ ou suppl\u00e9mentaires. Cette \u00e9valuation est effectu\u00e9e par un psychologue agr\u00e9\u00e9 ou un associ\u00e9 en psychologie agr\u00e9\u00e9.<\/div><\/div><\/div><div class=\"fusion-panel panel-default fusion-toggle-no-divider fusion-toggle-boxed-mode\" role=\"tabpanel\"><div class=\"panel-heading\"><h4 class=\"panel-title toggle\"><a aria-expanded=\"false\" aria-selected=\"false\" aria-controls=\"391e1841fd4260ddc\" role=\"tab\" data-toggle=\"collapse\" data-parent=\"#accordion-3834-1\" data-target=\"#391e1841fd4260ddc\" href=\"#391e1841fd4260ddc\"><span class=\"fusion-toggle-icon-wrapper\" aria-hidden=\"true\"><i class=\"fa-fusion-box\"><\/i><\/span><span class=\"fusion-toggle-heading\">\u00c9valuations psycho-\u00e9ducatives<\/span><\/a><\/h4><\/div><div id=\"391e1841fd4260ddc\" class=\"panel-collapse collapse\"><div class=\"panel-body toggle-content fusion-clearfix\">\n<p>Ces types d'\u00e9valuations s'adressent aux personnes \u00e0 charge de moins de 18 ans et peuvent aider \u00e0 identifier et \u00e0 traiter les probl\u00e8mes d'apprentissage ainsi que les probl\u00e8mes comportementaux, sociaux et \u00e9motionnels chez les enfants et les jeunes. Les \u00e9valuations sont men\u00e9es par un psychologue agr\u00e9\u00e9 ou un associ\u00e9 en psychologie et comprennent un entretien clinique structur\u00e9, divers tests psychom\u00e9triques et un examen des ant\u00e9c\u00e9dents de la personne. Une fois l\u2019\u00e9valuation termin\u00e9e, les r\u00e9sultats sont analys\u00e9s et un rapport complet est pr\u00e9par\u00e9 avec un diagnostic et des recommandations.<\/p>\n<\/div><\/div><\/div><div class=\"fusion-panel panel-default fusion-toggle-no-divider fusion-toggle-boxed-mode\" role=\"tabpanel\"><div class=\"panel-heading\"><h4 class=\"panel-title toggle\"><a aria-expanded=\"false\" aria-selected=\"false\" aria-controls=\"2e531a149f360a6b0\" role=\"tab\" data-toggle=\"collapse\" data-parent=\"#accordion-3834-1\" data-target=\"#2e531a149f360a6b0\" href=\"#2e531a149f360a6b0\"><span class=\"fusion-toggle-icon-wrapper\" aria-hidden=\"true\"><i class=\"fa-fusion-box\"><\/i><\/span><span class=\"fusion-toggle-heading\">\u00c9valuations cognitives <\/span><\/a><\/h4><\/div><div id=\"2e531a149f360a6b0\" class=\"panel-collapse collapse\"><div class=\"panel-body toggle-content fusion-clearfix\">\n<p><span style=\"font-weight: 400;\">Une \u00e9valuation cognitive peut \u00eatre b\u00e9n\u00e9fique afin d\u2019\u00e9clairer les plans de traitement et d\u2019aider \u00e0 \u00e9valuer des domaines importants de la fonction c\u00e9r\u00e9brale, notamment la m\u00e9moire, la concentration, la vitesse de traitement, le langage et les capacit\u00e9s de raisonnement. Ce type de test peut \u00eatre utilis\u00e9 pour identifier les forces et les besoins li\u00e9s au fonctionnement cognitif. <\/span><\/p>\n<\/div><\/div><\/div><div class=\"fusion-panel panel-default fusion-toggle-no-divider fusion-toggle-boxed-mode\" role=\"tabpanel\"><div class=\"panel-heading\"><h4 class=\"panel-title toggle\"><a aria-expanded=\"false\" aria-selected=\"false\" aria-controls=\"091732c4985372b9a\" role=\"tab\" data-toggle=\"collapse\" data-parent=\"#accordion-3834-1\" data-target=\"#091732c4985372b9a\" href=\"#091732c4985372b9a\"><span class=\"fusion-toggle-icon-wrapper\" aria-hidden=\"true\"><i class=\"fa-fusion-box\"><\/i><\/span><span class=\"fusion-toggle-heading\">\u00c9valuations d\u00e9veloppementales<\/span><\/a><\/h4><\/div><div id=\"091732c4985372b9a\" class=\"panel-collapse collapse\"><div class=\"panel-body toggle-content fusion-clearfix\">\n<p><span style=\"font-weight: 400;\">Ces \u00e9valuations sont utilis\u00e9es pour identifier les forces et les besoins d\u2019une personne dans diff\u00e9rents domaines de d\u00e9veloppement tels que le langage et la communication, les socialisations et le fonctionnement \u00e9motionnel, le fonctionnement cognitif, la vie adaptative et les habilet\u00e9s motrices.<\/span><span style=\"font-weight: 400;\">,<\/span><span style=\"font-weight: 400;\"> et de la motricit\u00e9. <\/span><\/p>\n<\/div><\/div><\/div><\/div><\/div><div class=\"fusion-sep-clear\"><\/div><div class=\"fusion-separator fusion-full-width-sep sep-none\" style=\"margin-left: auto;margin-right: auto;margin-top:10px;\"><\/div><div class=\"fusion-text\"><p><span style=\"font-weight: 400;\">Les \u00e9valuations peuvent durer de 30 minutes \u00e0 plusieurs heures, selon leur objectif et leur type. Toutes les \u00e9valuations comprennent une entrevue entre le clinicien et le client, tandis que certaines peuvent \u00e9galement inclure des tests psychom\u00e9triques. Dans tous les cas, une \u00e9valuation fournit au client un rapport qui peut \u00eatre utilis\u00e9 pour guider les prochaines \u00e9tapes vers le bien-\u00eatre mental.<\/span><\/p>\n<\/div><div class=\"fusion-clearfix\"><\/div><\/div><\/div><\/div><\/div><style type=\"text\/css\">.fusion-fullwidth.fusion-builder-row-1 a:not(.fusion-button):not(.fusion-builder-module-control):not(.fusion-social-network-icon):not(.fb-icon-element):not(.fusion-countdown-link):not(.fusion-rollover-link):not(.fusion-rollover-gallery):not(.add_to_cart_button):not(.show_details_button):not(.product_type_external):not(.fusion-quick-view):not(.fusion-rollover-title-link) , .fusion-fullwidth.fusion-builder-row-1 a:not(.fusion-button):not(.fusion-builder-module-control):not(.fusion-social-network-icon):not(.fb-icon-element):not(.fusion-countdown-link):not(.fusion-rollover-link):not(.fusion-rollover-gallery):not(.add_to_cart_button):not(.show_details_button):not(.product_type_external):not(.fusion-quick-view):not(.fusion-rollover-title-link):before, .fusion-fullwidth.fusion-builder-row-1 a:not(.fusion-button):not(.fusion-builder-module-control):not(.fusion-social-network-icon):not(.fb-icon-element):not(.fusion-countdown-link):not(.fusion-rollover-link):not(.fusion-rollover-gallery):not(.add_to_cart_button):not(.show_details_button):not(.product_type_external):not(.fusion-quick-view):not(.fusion-rollover-title-link):after {color: #08538a;}.fusion-fullwidth.fusion-builder-row-1 a:not(.fusion-button):not(.fusion-builder-module-control):not(.fusion-social-network-icon):not(.fb-icon-element):not(.fusion-countdown-link):not(.fusion-rollover-link):not(.fusion-rollover-gallery):not(.add_to_cart_button):not(.show_details_button):not(.product_type_external):not(.fusion-quick-view):not(.fusion-rollover-title-link):hover, .fusion-fullwidth.fusion-builder-row-1 a:not(.fusion-button):not(.fusion-builder-module-control):not(.fusion-social-network-icon):not(.fb-icon-element):not(.fusion-countdown-link):not(.fusion-rollover-link):not(.fusion-rollover-gallery):not(.add_to_cart_button):not(.show_details_button):not(.product_type_external):not(.fusion-quick-view):not(.fusion-rollover-title-link):hover:before, .fusion-fullwidth.fusion-builder-row-1 a:not(.fusion-button):not(.fusion-builder-module-control):not(.fusion-social-network-icon):not(.fb-icon-element):not(.fusion-countdown-link):not(.fusion-rollover-link):not(.fusion-rollover-gallery):not(.add_to_cart_button):not(.show_details_button):not(.product_type_external):not(.fusion-quick-view):not(.fusion-rollover-title-link):hover:after {color: #08538a;}.fusion-fullwidth.fusion-builder-row-1 .pagination a.inactive:hover, .fusion-fullwidth.fusion-builder-row-1 .fusion-filters .fusion-filter.fusion-active a {border-color: #08538a;}.fusion-fullwidth.fusion-builder-row-1 .pagination .current {border-color: #08538a; background-color: #08538a;}.fusion-fullwidth.fusion-builder-row-1 .fusion-filters .fusion-filter.fusion-active a, .fusion-fullwidth.fusion-builder-row-1 .fusion-date-and-formats .fusion-format-box, .fusion-fullwidth.fusion-builder-row-1 .fusion-popover, .fusion-fullwidth.fusion-builder-row-1 .tooltip-shortcode {color: #08538a;}#main .fusion-fullwidth.fusion-builder-row-1 .post .blog-shortcode-post-title a:hover {color: #08538a;}<\/style>","protected":false},"excerpt":{"rendered":"","protected":false},"author":2,"featured_media":0,"parent":3845,"menu_order":0,"comment_status":"closed","ping_status":"closed","template":"side-navigation.php","meta":{"_acf_changed":false,"footnotes":""},"class_list":["post-3834","page","type-page","status-publish","hentry"],"acf":[],"yoast_head":"<!-- This site is optimized with the Yoast SEO plugin v25.2 - https:\/\/yoast.com\/wordpress\/plugins\/seo\/ -->\n<title>Assessments - Encompas<\/title>\n<meta name=\"robots\" content=\"index, follow, max-snippet:-1, max-image-preview:large, max-video-preview:-1\" \/>\n<link rel=\"canonical\" href=\"https:\/\/www.encompascare.ca\/fr_ca\/services\/service-assessments\/\" \/>\n<meta property=\"og:locale\" content=\"fr_CA\" \/>\n<meta property=\"og:type\" content=\"article\" \/>\n<meta property=\"og:title\" content=\"Assessments - Encompas\" \/>\n<meta property=\"og:url\" content=\"https:\/\/www.encompascare.ca\/fr_ca\/services\/service-assessments\/\" \/>\n<meta property=\"og:site_name\" content=\"Encompas\" \/>\n<meta property=\"article:modified_time\" content=\"2021-01-14T00:47:19+00:00\" \/>\n<meta name=\"twitter:card\" content=\"summary_large_image\" \/>\n<meta name=\"twitter:label1\" content=\"Estimation du temps de lecture\" \/>\n\t<meta name=\"twitter:data1\" content=\"5 minutes\" \/>\n<script type=\"application\/ld+json\" class=\"yoast-schema-graph\">{\"@context\":\"https:\/\/schema.org\",\"@graph\":[{\"@type\":\"WebPage\",\"@id\":\"https:\/\/www.encompascare.ca\/services\/service-assessments\/\",\"url\":\"https:\/\/www.encompascare.ca\/services\/service-assessments\/\",\"name\":\"Assessments - Encompas\",\"isPartOf\":{\"@id\":\"https:\/\/www.encompascare.ca\/#website\"},\"datePublished\":\"2020-09-25T12:00:49+00:00\",\"dateModified\":\"2021-01-14T00:47:19+00:00\",\"breadcrumb\":{\"@id\":\"https:\/\/www.encompascare.ca\/services\/service-assessments\/#breadcrumb\"},\"inLanguage\":\"fr-CA\",\"potentialAction\":[{\"@type\":\"ReadAction\",\"target\":[\"https:\/\/www.encompascare.ca\/services\/service-assessments\/\"]}]},{\"@type\":\"BreadcrumbList\",\"@id\":\"https:\/\/www.encompascare.ca\/services\/service-assessments\/#breadcrumb\",\"itemListElement\":[{\"@type\":\"ListItem\",\"position\":1,\"name\":\"Home\",\"item\":\"https:\/\/www.encompascare.ca\/\"},{\"@type\":\"ListItem\",\"position\":2,\"name\":\"Services\",\"item\":\"https:\/\/www.encompascare.ca\/services\/\"},{\"@type\":\"ListItem\",\"position\":3,\"name\":\"Assessments\"}]},{\"@type\":\"WebSite\",\"@id\":\"https:\/\/www.encompascare.ca\/#website\",\"url\":\"https:\/\/www.encompascare.ca\/\",\"name\":\"Encompas\",\"description\":\"Mental Health Wellness Program\",\"potentialAction\":[{\"@type\":\"SearchAction\",\"target\":{\"@type\":\"EntryPoint\",\"urlTemplate\":\"https:\/\/www.encompascare.ca\/?s={search_term_string}\"},\"query-input\":{\"@type\":\"PropertyValueSpecification\",\"valueRequired\":true,\"valueName\":\"search_term_string\"}}],\"inLanguage\":\"fr-CA\"}]}<\/script>\n<!-- \/ Yoast SEO plugin. -->","yoast_head_json":{"title":"\u00c9valuations - Encompas","robots":{"index":"index","follow":"follow","max-snippet":"max-snippet:-1","max-image-preview":"max-image-preview:large","max-video-preview":"max-video-preview:-1"},"canonical":"https:\/\/www.encompascare.ca\/fr_ca\/services\/service-assessments\/","og_locale":"fr_CA","og_type":"article","og_title":"Assessments - Encompas","og_url":"https:\/\/www.encompascare.ca\/fr_ca\/services\/service-assessments\/","og_site_name":"Encompas","article_modified_time":"2021-01-14T00:47:19+00:00","twitter_card":"summary_large_image","twitter_misc":{"Estimation du temps de lecture":"5 minutes"},"schema":{"@context":"https:\/\/schema.org","@graph":[{"@type":"WebPage","@id":"https:\/\/www.encompascare.ca\/services\/service-assessments\/","url":"https:\/\/www.encompascare.ca\/services\/service-assessments\/","name":"\u00c9valuations - Encompas","isPartOf":{"@id":"https:\/\/www.encompascare.ca\/#website"},"datePublished":"2020-09-25T12:00:49+00:00","dateModified":"2021-01-14T00:47:19+00:00","breadcrumb":{"@id":"https:\/\/www.encompascare.ca\/services\/service-assessments\/#breadcrumb"},"inLanguage":"fr-CA","potentialAction":[{"@type":"ReadAction","target":["https:\/\/www.encompascare.ca\/services\/service-assessments\/"]}]},{"@type":"BreadcrumbList","@id":"https:\/\/www.encompascare.ca\/services\/service-assessments\/#breadcrumb","itemListElement":[{"@type":"ListItem","position":1,"name":"Home","item":"https:\/\/www.encompascare.ca\/"},{"@type":"ListItem","position":2,"name":"Services","item":"https:\/\/www.encompascare.ca\/services\/"},{"@type":"ListItem","position":3,"name":"Assessments"}]},{"@type":"WebSite","@id":"https:\/\/www.encompascare.ca\/#website","url":"https:\/\/www.encompascare.ca\/","name":"Encompas","description":"Programme de bien-\u00eatre en sant\u00e9 mentale","potentialAction":[{"@type":"SearchAction","target":{"@type":"EntryPoint","urlTemplate":"https:\/\/www.encompascare.ca\/?s={search_term_string}"},"query-input":{"@type":"PropertyValueSpecification","valueRequired":true,"valueName":"search_term_string"}}],"inLanguage":"fr-CA"}]}},"_links":{"self":[{"href":"https:\/\/www.encompascare.ca\/fr_ca\/wp-json\/wp\/v2\/pages\/3834","targetHints":{"allow":["GET"]}}],"collection":[{"href":"https:\/\/www.encompascare.ca\/fr_ca\/wp-json\/wp\/v2\/pages"}],"about":[{"href":"https:\/\/www.encompascare.ca\/fr_ca\/wp-json\/wp\/v2\/types\/page"}],"author":[{"embeddable":true,"href":"https:\/\/www.encompascare.ca\/fr_ca\/wp-json\/wp\/v2\/users\/2"}],"replies":[{"embeddable":true,"href":"https:\/\/www.encompascare.ca\/fr_ca\/wp-json\/wp\/v2\/comments?post=3834"}],"version-history":[{"count":7,"href":"https:\/\/www.encompascare.ca\/fr_ca\/wp-json\/wp\/v2\/pages\/3834\/revisions"}],"predecessor-version":[{"id":4064,"href":"https:\/\/www.encompascare.ca\/fr_ca\/wp-json\/wp\/v2\/pages\/3834\/revisions\/4064"}],"up":[{"embeddable":true,"href":"https:\/\/www.encompascare.ca\/fr_ca\/wp-json\/wp\/v2\/pages\/3845"}],"wp:attachment":[{"href":"https:\/\/www.encompascare.ca\/fr_ca\/wp-json\/wp\/v2\/media?parent=3834"}],"curies":[{"name":"wp","href":"https:\/\/api.w.org\/{rel}","templated":true}]}}