{"id":3852,"date":"2020-09-25T09:28:20","date_gmt":"2020-09-25T13:28:20","guid":{"rendered":"https:\/\/www.encompascare.ca\/?page_id=3852"},"modified":"2021-01-14T21:15:34","modified_gmt":"2021-01-15T02:15:34","slug":"project-trauma-support-peer-support-groups","status":"publish","type":"page","link":"https:\/\/www.encompascare.ca\/fr_ca\/project-trauma-support-peer-support-groups\/","title":{"rendered":"Groupes de soutien par les pairs dans le cadre du projet Trauma Support"},"content":{"rendered":"<div class=\"fusion-fullwidth fullwidth-box fusion-builder-row-1 nonhundred-percent-fullwidth non-hundred-percent-height-scrolling\"  style='background-color: rgba(255,255,255,0);background-position: center center;background-repeat: no-repeat;padding-top:0px;padding-right:0px;padding-bottom:0px;padding-left:0px;margin-bottom: 30px;margin-top: 40px;'><div class=\"fusion-builder-row fusion-row\"><div  class=\"fusion-layout-column fusion_builder_column fusion_builder_column_1_1 fusion-builder-column-0 fusion-one-full fusion-column-first fusion-column-last 1_1\"  style='margin-top:0px;margin-bottom:20px;'><div class=\"fusion-column-wrapper\" style=\"padding: 0px 0px 0px 0px;background-position:left top;background-repeat:no-repeat;-webkit-background-size:cover;-moz-background-size:cover;-o-background-size:cover;background-size:cover;\"   data-bg-url=\"\"><style type=\"text\/css\">@media only screen and (max-width:992px) {.fusion-title.fusion-title-1{margin-top:0px!important;margin-bottom:30px!important;}}<\/style><div class=\"fusion-title title fusion-title-1 fusion-sep-none fusion-title-text fusion-title-size-one\" style=\"margin-top:0px;margin-bottom:60px;\"><h1 class=\"title-heading-left\" style=\"margin:0;\"><h2>Groupes de soutien par les pairs dans le cadre du projet Trauma Support :<\/h2><\/h1><\/div><div class=\"fusion-text\"><div id=\"panel-3117-3-0-0\" class=\"so-panel widget widget_text panel-first-child\" data-index=\"3\">\n<h3 class=\"widget-title\">Ottawa :<\/h3>\n<div class=\"textwidget\">\n<p>Les lundis \u00e0 18 h 45 au concessionnaire automobile Surgenor, situ\u00e9 au 939, boulevard Saint-Laurent, \u00e0 Ottawa. Pour de plus amples renseignements, veuillez communiquer avec Jason Burd (pompier 613-859-2873), Rob Mitchell (ambulancier param\u00e9dical 613-862-4744), Marie Julie Cosenzo (ambulanci\u00e8re param\u00e9dicale) \u00e0 l'adresse suivante\u00a0<a href=\"mailto:mariejuliecosenzo@gmail.com\">mariejuliecosenzo@gmail.com<\/a>Jessa Blackburn (Service correctionnel) 613-798-6066, ou <a href=\"mailto:ptsps.ottawa@gmail.com\">ptsps.ottawa@gmail.com<\/a><\/p>\n<\/div>\n<\/div>\n<hr \/>\n<h3 class=\"widget-title\">Hamilton :<\/h3>\n<div class=\"textwidget\">\n<p>Les mardis \u00e0 19 h Situ\u00e9 \u00e0 l'\u00e9glise presbyt\u00e9rienne Chedoke (entr\u00e9e du stationnement) au 865 Mohawk Rd. W. \u00e0 Hamilton. Pour de plus amples renseignements, veuillez communiquer avec Mike Fleming \u00e0 l'adresse suivante <a href=\"mailto:michaelfleming592@gmail.com\">michaelfleming592@gmail.com<\/a>Rick Millar \u00e0 l'adresse <a href=\"mailto:rmillar2065@gmail.com\">rmillar2065@gmail.com<\/a>Denise Robinson \u00e0 l'adresse suivante <a href=\"mailto:Drobinson.canada@gmail.com\">Drobinson.canada@gmail.com<\/a> ou Jay Anderson \u00e0 <a href=\"mailto:j.c.anderson226@gmail.com\">j.c.anderson226@gmail.com<\/a><\/p>\n<\/div>\n<hr \/>\n<h3 class=\"widget-title\">North Bay :<\/h3>\n<div class=\"textwidget\">\n<p>Pour plus d'informations, veuillez envoyer un courriel \u00e0 <a href=\"mailto:pts.northbay@gmail.com\">pts.northbay@gmail.com<\/a>.<\/p>\n<\/div>\n<hr \/>\n<h3 class=\"widget-title\">Fort McMurray :<\/h3>\n<div class=\"textwidget\">\n<p>Les jeudis \u00e0 19 heures \u00e0 l'\u00e9difice de la section locale 707A d'Unifor sur l'avenue MacDonald \u00e0 Fort McMurray. Pour de plus amples informations, veuillez contacter Andrew Gorman au 780-838-0962 ou \u00e0 l'adresse suivante <a href=\"mailto:a_gorman@live.com\">a_gorman@live.com<\/a><\/p>\n<\/div>\n<hr \/>\n<h3 class=\"widget-title\">Kingston :<\/h3>\n<div class=\"textwidget\">\n<p>Pour plus d'informations, envoyez-nous un courriel \u00e0 l'adresse suivante <a href=\"mailto:pts.kingston.gmail.com\">pts.kingston.gmail.com<\/a><\/p>\n<\/div>\n<hr \/>\n<h3 class=\"widget-title\">Belleville :<\/h3>\n<div class=\"textwidget\">\n<p>L'\u00e9cole publique Harmony est situ\u00e9e au 626 Harmony Rd, Corbyville. La r\u00e9union se tient dans la salle 185. Il n'y aura pas de r\u00e9union les jours f\u00e9ri\u00e9s. D'autres dates seront annonc\u00e9es ! Pour de plus amples renseignements, veuillez communiquer avec Scott Burke (police) \u00e0 l'adresse suivante <a href=\"mailto:scu2r29@xplornet.ca\">scu2r29@xplornet.ca<\/a> ou \u00a0<a href=\"mailto:pts.belleville@gmail.com\">pts.belleville@gmail.com<\/a><\/p>\n<\/div>\n<hr \/>\n<h3 class=\"widget-title\">Londres :<\/h3>\n<div class=\"textwidget\">\n<p>Le lundi \u00e0 19 heures. Le lieu est \u00e0 Londres. Veuillez contacter Steve (Police), Mike (Paramedic), ou Greg (Corrections\/Military) pour conna\u00eetre le lieu. Pour plus d'informations, veuillez contacter londonptspeer@gmail.com<\/p>\n<\/div>\n<hr \/>\n<div id=\"panel-3117-3-2-1\" class=\"so-panel widget widget_text\" data-index=\"10\">\n<h3 class=\"widget-title\">Meaford :<\/h3>\n<div class=\"textwidget\">\n<p>Les mercredis \u00e0 19h au McGinty's Cafe au 45 N Skyes St., Meaford. Il y a un parking \u00e0 l'arri\u00e8re, derri\u00e8re la Banque TD. Entrez par la porte arri\u00e8re, car l'entr\u00e9e principale sera verrouill\u00e9e. Pour de plus amples renseignements, veuillez communiquer avec Mark Cushman (Militaire), Lance Mulholland (Police 905-965-1531), ou <a href=\"mailto:ptspsmeaford@outlook.com\">ptspsmeaford@outlook.com<\/a><\/p>\n<\/div>\n<\/div>\n<hr \/>\n<h3 class=\"widget-title\">Halifax :<\/h3>\n<div class=\"textwidget\">\n<p>Les mercredis \u00e0 19 h \u00e0 l'\u00e9glise anglicane All Saints, 1408 Bedford Hwy, Bedford (N.-\u00c9.). Pour plus d'information, veuillez contacter Phil Reddy au 902-221-0047, Dave Walker au 902-220-5382, Cindy Renouf au 902-489-1662 ou <a href=\"mailto:PTSHalifax@gmail.com\">PTSHalifax@gmail.com<\/a><\/p>\n<\/div>\n<\/div><div class=\"fusion-sep-clear\"><\/div><div class=\"fusion-separator fusion-full-width-sep sep-none\" style=\"margin-left: auto;margin-right: auto;margin-top:;margin-bottom:14px;\"><\/div><div class=\"fusion-button-wrapper\"><style type=\"text\/css\">.fusion-button.button-1 {border-radius:0px;}<\/style><a class=\"fusion-button button-flat fusion-button-default-size button-default button-1 fusion-button-default-span fusion-button-default-type\" target=\"_self\" href=\"https:\/\/www.encompascare.ca\/peer-support\/\"><i class=\"fa-arrow-alt-circle-left fas button-icon-left\"><\/i><span class=\"fusion-button-text\">Retour au soutien par les pairs<\/span><\/a><\/div><div class=\"fusion-clearfix\"><\/div><\/div><\/div><\/div><\/div><style type=\"text\/css\">.fusion-fullwidth.fusion-builder-row-1 a:not(.fusion-button):not(.fusion-builder-module-control):not(.fusion-social-network-icon):not(.fb-icon-element):not(.fusion-countdown-link):not(.fusion-rollover-link):not(.fusion-rollover-gallery):not(.add_to_cart_button):not(.show_details_button):not(.product_type_external):not(.fusion-quick-view):not(.fusion-rollover-title-link) , .fusion-fullwidth.fusion-builder-row-1 a:not(.fusion-button):not(.fusion-builder-module-control):not(.fusion-social-network-icon):not(.fb-icon-element):not(.fusion-countdown-link):not(.fusion-rollover-link):not(.fusion-rollover-gallery):not(.add_to_cart_button):not(.show_details_button):not(.product_type_external):not(.fusion-quick-view):not(.fusion-rollover-title-link):before, .fusion-fullwidth.fusion-builder-row-1 a:not(.fusion-button):not(.fusion-builder-module-control):not(.fusion-social-network-icon):not(.fb-icon-element):not(.fusion-countdown-link):not(.fusion-rollover-link):not(.fusion-rollover-gallery):not(.add_to_cart_button):not(.show_details_button):not(.product_type_external):not(.fusion-quick-view):not(.fusion-rollover-title-link):after {color: #08538a;}.fusion-fullwidth.fusion-builder-row-1 a:not(.fusion-button):not(.fusion-builder-module-control):not(.fusion-social-network-icon):not(.fb-icon-element):not(.fusion-countdown-link):not(.fusion-rollover-link):not(.fusion-rollover-gallery):not(.add_to_cart_button):not(.show_details_button):not(.product_type_external):not(.fusion-quick-view):not(.fusion-rollover-title-link):hover, .fusion-fullwidth.fusion-builder-row-1 a:not(.fusion-button):not(.fusion-builder-module-control):not(.fusion-social-network-icon):not(.fb-icon-element):not(.fusion-countdown-link):not(.fusion-rollover-link):not(.fusion-rollover-gallery):not(.add_to_cart_button):not(.show_details_button):not(.product_type_external):not(.fusion-quick-view):not(.fusion-rollover-title-link):hover:before, .fusion-fullwidth.fusion-builder-row-1 a:not(.fusion-button):not(.fusion-builder-module-control):not(.fusion-social-network-icon):not(.fb-icon-element):not(.fusion-countdown-link):not(.fusion-rollover-link):not(.fusion-rollover-gallery):not(.add_to_cart_button):not(.show_details_button):not(.product_type_external):not(.fusion-quick-view):not(.fusion-rollover-title-link):hover:after {color: #08538a;}.fusion-fullwidth.fusion-builder-row-1 .pagination a.inactive:hover, .fusion-fullwidth.fusion-builder-row-1 .fusion-filters .fusion-filter.fusion-active a {border-color: #08538a;}.fusion-fullwidth.fusion-builder-row-1 .pagination .current {border-color: #08538a; background-color: #08538a;}.fusion-fullwidth.fusion-builder-row-1 .fusion-filters .fusion-filter.fusion-active a, .fusion-fullwidth.fusion-builder-row-1 .fusion-date-and-formats .fusion-format-box, .fusion-fullwidth.fusion-builder-row-1 .fusion-popover, .fusion-fullwidth.fusion-builder-row-1 .tooltip-shortcode {color: #08538a;}#main .fusion-fullwidth.fusion-builder-row-1 .post .blog-shortcode-post-title a:hover {color: #08538a;}<\/style>","protected":false},"excerpt":{"rendered":"","protected":false},"author":2,"featured_media":0,"parent":0,"menu_order":0,"comment_status":"closed","ping_status":"closed","template":"","meta":{"_acf_changed":false,"footnotes":""},"class_list":["post-3852","page","type-page","status-publish","hentry"],"acf":[],"yoast_head":"<!-- This site is optimized with the Yoast SEO plugin v25.2 - https:\/\/yoast.com\/wordpress\/plugins\/seo\/ -->\n<title>Project Trauma Support Peer Support Groups - Encompas<\/title>\n<meta name=\"robots\" content=\"index, follow, max-snippet:-1, max-image-preview:large, max-video-preview:-1\" \/>\n<link rel=\"canonical\" href=\"https:\/\/www.encompascare.ca\/fr_ca\/project-trauma-support-peer-support-groups\/\" \/>\n<meta property=\"og:locale\" content=\"fr_CA\" \/>\n<meta property=\"og:type\" content=\"article\" \/>\n<meta property=\"og:title\" content=\"Project Trauma Support Peer Support Groups - Encompas\" \/>\n<meta property=\"og:url\" content=\"https:\/\/www.encompascare.ca\/fr_ca\/project-trauma-support-peer-support-groups\/\" \/>\n<meta property=\"og:site_name\" content=\"Encompas\" \/>\n<meta property=\"article:modified_time\" content=\"2021-01-15T02:15:34+00:00\" \/>\n<meta name=\"twitter:card\" content=\"summary_large_image\" \/>\n<meta name=\"twitter:label1\" content=\"Estimation du temps de lecture\" \/>\n\t<meta name=\"twitter:data1\" content=\"4 minutes\" \/>\n<script type=\"application\/ld+json\" class=\"yoast-schema-graph\">{\"@context\":\"https:\/\/schema.org\",\"@graph\":[{\"@type\":\"WebPage\",\"@id\":\"https:\/\/www.encompascare.ca\/project-trauma-support-peer-support-groups\/\",\"url\":\"https:\/\/www.encompascare.ca\/project-trauma-support-peer-support-groups\/\",\"name\":\"Project Trauma Support Peer Support Groups - Encompas\",\"isPartOf\":{\"@id\":\"https:\/\/www.encompascare.ca\/#website\"},\"datePublished\":\"2020-09-25T13:28:20+00:00\",\"dateModified\":\"2021-01-15T02:15:34+00:00\",\"breadcrumb\":{\"@id\":\"https:\/\/www.encompascare.ca\/project-trauma-support-peer-support-groups\/#breadcrumb\"},\"inLanguage\":\"fr-CA\",\"potentialAction\":[{\"@type\":\"ReadAction\",\"target\":[\"https:\/\/www.encompascare.ca\/project-trauma-support-peer-support-groups\/\"]}]},{\"@type\":\"BreadcrumbList\",\"@id\":\"https:\/\/www.encompascare.ca\/project-trauma-support-peer-support-groups\/#breadcrumb\",\"itemListElement\":[{\"@type\":\"ListItem\",\"position\":1,\"name\":\"Home\",\"item\":\"https:\/\/www.encompascare.ca\/\"},{\"@type\":\"ListItem\",\"position\":2,\"name\":\"Project Trauma Support Peer Support Groups\"}]},{\"@type\":\"WebSite\",\"@id\":\"https:\/\/www.encompascare.ca\/#website\",\"url\":\"https:\/\/www.encompascare.ca\/\",\"name\":\"Encompas\",\"description\":\"Mental Health Wellness Program\",\"potentialAction\":[{\"@type\":\"SearchAction\",\"target\":{\"@type\":\"EntryPoint\",\"urlTemplate\":\"https:\/\/www.encompascare.ca\/?s={search_term_string}\"},\"query-input\":{\"@type\":\"PropertyValueSpecification\",\"valueRequired\":true,\"valueName\":\"search_term_string\"}}],\"inLanguage\":\"fr-CA\"}]}<\/script>\n<!-- \/ Yoast SEO plugin. -->","yoast_head_json":{"title":"Project Trauma Support Peer Support Groups - Encompas","robots":{"index":"index","follow":"follow","max-snippet":"max-snippet:-1","max-image-preview":"max-image-preview:large","max-video-preview":"max-video-preview:-1"},"canonical":"https:\/\/www.encompascare.ca\/fr_ca\/project-trauma-support-peer-support-groups\/","og_locale":"fr_CA","og_type":"article","og_title":"Project Trauma Support Peer Support Groups - Encompas","og_url":"https:\/\/www.encompascare.ca\/fr_ca\/project-trauma-support-peer-support-groups\/","og_site_name":"Encompas","article_modified_time":"2021-01-15T02:15:34+00:00","twitter_card":"summary_large_image","twitter_misc":{"Estimation du temps de lecture":"4 minutes"},"schema":{"@context":"https:\/\/schema.org","@graph":[{"@type":"WebPage","@id":"https:\/\/www.encompascare.ca\/project-trauma-support-peer-support-groups\/","url":"https:\/\/www.encompascare.ca\/project-trauma-support-peer-support-groups\/","name":"Project Trauma Support Peer Support Groups - Encompas","isPartOf":{"@id":"https:\/\/www.encompascare.ca\/#website"},"datePublished":"2020-09-25T13:28:20+00:00","dateModified":"2021-01-15T02:15:34+00:00","breadcrumb":{"@id":"https:\/\/www.encompascare.ca\/project-trauma-support-peer-support-groups\/#breadcrumb"},"inLanguage":"fr-CA","potentialAction":[{"@type":"ReadAction","target":["https:\/\/www.encompascare.ca\/project-trauma-support-peer-support-groups\/"]}]},{"@type":"BreadcrumbList","@id":"https:\/\/www.encompascare.ca\/project-trauma-support-peer-support-groups\/#breadcrumb","itemListElement":[{"@type":"ListItem","position":1,"name":"Home","item":"https:\/\/www.encompascare.ca\/"},{"@type":"ListItem","position":2,"name":"Project Trauma Support Peer Support Groups"}]},{"@type":"WebSite","@id":"https:\/\/www.encompascare.ca\/#website","url":"https:\/\/www.encompascare.ca\/","name":"Encompas","description":"Programme de bien-\u00eatre en sant\u00e9 mentale","potentialAction":[{"@type":"SearchAction","target":{"@type":"EntryPoint","urlTemplate":"https:\/\/www.encompascare.ca\/?s={search_term_string}"},"query-input":{"@type":"PropertyValueSpecification","valueRequired":true,"valueName":"search_term_string"}}],"inLanguage":"fr-CA"}]}},"_links":{"self":[{"href":"https:\/\/www.encompascare.ca\/fr_ca\/wp-json\/wp\/v2\/pages\/3852","targetHints":{"allow":["GET"]}}],"collection":[{"href":"https:\/\/www.encompascare.ca\/fr_ca\/wp-json\/wp\/v2\/pages"}],"about":[{"href":"https:\/\/www.encompascare.ca\/fr_ca\/wp-json\/wp\/v2\/types\/page"}],"author":[{"embeddable":true,"href":"https:\/\/www.encompascare.ca\/fr_ca\/wp-json\/wp\/v2\/users\/2"}],"replies":[{"embeddable":true,"href":"https:\/\/www.encompascare.ca\/fr_ca\/wp-json\/wp\/v2\/comments?post=3852"}],"version-history":[{"count":6,"href":"https:\/\/www.encompascare.ca\/fr_ca\/wp-json\/wp\/v2\/pages\/3852\/revisions"}],"predecessor-version":[{"id":4109,"href":"https:\/\/www.encompascare.ca\/fr_ca\/wp-json\/wp\/v2\/pages\/3852\/revisions\/4109"}],"wp:attachment":[{"href":"https:\/\/www.encompascare.ca\/fr_ca\/wp-json\/wp\/v2\/media?parent=3852"}],"curies":[{"name":"wp","href":"https:\/\/api.w.org\/{rel}","templated":true}]}}