{"id":4166,"date":"2021-02-11T11:44:47","date_gmt":"2021-02-11T16:44:47","guid":{"rendered":"https:\/\/www.encompascare.ca\/?page_id=4166"},"modified":"2022-11-16T12:13:10","modified_gmt":"2022-11-16T17:13:10","slug":"boots-on-the-ground","status":"publish","type":"page","link":"https:\/\/www.encompascare.ca\/fr_ca\/services\/boots-on-the-ground\/","title":{"rendered":"Les bottes sur le terrain"},"content":{"rendered":"<p><div class=\"fusion-fullwidth fullwidth-box fusion-builder-row-1 hundred-percent-fullwidth non-hundred-percent-height-scrolling\"  style='background-color: #ffffff;background-position: center center;background-repeat: no-repeat;padding-top:60px;padding-right:0px;padding-bottom:0px;padding-left:0px;margin-bottom: 0px;'><div class=\"fusion-builder-row fusion-row\"><div  class=\"fusion-layout-column fusion_builder_column fusion_builder_column_1_1 fusion-builder-column-0 fusion-one-full fusion-column-first fusion-column-last 1_1\"  style='margin-top:0px;margin-bottom:20px;'><div class=\"fusion-column-wrapper\" style=\"padding: 0px 0px 0px 0px;background-position:left top;background-repeat:no-repeat;-webkit-background-size:cover;-moz-background-size:cover;-o-background-size:cover;background-size:cover;\"   data-bg-url=\"\"><div class=\"imageframe-align-center\"><span class=\"fusion-imageframe imageframe-none imageframe-1 hover-type-none\"><img loading=\"lazy\" decoding=\"async\" src=\"https:\/\/www.encompascare.ca\/wp-content\/uploads\/2021\/02\/Boots-on-the-Ground-1.png\" width=\"500\" height=\"300\" alt=\"\" title=\"Les bottes sur le terrain\" class=\"img-responsive wp-image-4164\" srcset=\"https:\/\/www.encompascare.ca\/wp-content\/uploads\/2021\/02\/Boots-on-the-Ground-1-200x120.png 200w, https:\/\/www.encompascare.ca\/wp-content\/uploads\/2021\/02\/Boots-on-the-Ground-1-400x240.png 400w, https:\/\/www.encompascare.ca\/wp-content\/uploads\/2021\/02\/Boots-on-the-Ground-1.png 500w\" sizes=\"auto, (max-width: 992px) 100vw, 500px\" \/><\/span><\/div><div class=\"fusion-sep-clear\"><\/div><div class=\"fusion-separator fusion-full-width-sep sep-none\" style=\"margin-left: auto;margin-right: auto;margin-top:30px;\"><\/div><div class=\"fusion-text\"><p>Le programme de sant\u00e9 mentale d'Encompas a collabor\u00e9 avec Boots on the Ground pour offrir aux membres d'Encompas une voie simplifi\u00e9e vers un soutien t\u00e9l\u00e9phonique confidentiel et anonyme par les pairs, propre aux premiers intervenants. Boots on the Ground est une organisation \u00e0 but non lucratif qui compte 160 premiers intervenants actifs et retrait\u00e9s b\u00e9n\u00e9voles. Ces b\u00e9n\u00e9voles offrent un soutien anonyme, confidentiel, bienveillant et compatissant \u00e0 d'autres premiers intervenants actifs et retrait\u00e9s, y compris des policiers, des pompiers, des services m\u00e9dicaux d'urgence et des employ\u00e9s des services correctionnels. Ce soutien par les pairs est disponible gratuitement dans tout l'Ontario et est accessible 24 heures sur 24, 7 jours sur 7.<\/p>\n<\/div><div class=\"fusion-clearfix\"><\/div><\/div><\/div><\/div><\/div><style type=\"text\/css\">.fusion-fullwidth.fusion-builder-row-1 a:not(.fusion-button):not(.fusion-builder-module-control):not(.fusion-social-network-icon):not(.fb-icon-element):not(.fusion-countdown-link):not(.fusion-rollover-link):not(.fusion-rollover-gallery):not(.add_to_cart_button):not(.show_details_button):not(.product_type_external):not(.fusion-quick-view):not(.fusion-rollover-title-link) , .fusion-fullwidth.fusion-builder-row-1 a:not(.fusion-button):not(.fusion-builder-module-control):not(.fusion-social-network-icon):not(.fb-icon-element):not(.fusion-countdown-link):not(.fusion-rollover-link):not(.fusion-rollover-gallery):not(.add_to_cart_button):not(.show_details_button):not(.product_type_external):not(.fusion-quick-view):not(.fusion-rollover-title-link):before, .fusion-fullwidth.fusion-builder-row-1 a:not(.fusion-button):not(.fusion-builder-module-control):not(.fusion-social-network-icon):not(.fb-icon-element):not(.fusion-countdown-link):not(.fusion-rollover-link):not(.fusion-rollover-gallery):not(.add_to_cart_button):not(.show_details_button):not(.product_type_external):not(.fusion-quick-view):not(.fusion-rollover-title-link):after {color: #08538a;}.fusion-fullwidth.fusion-builder-row-1 a:not(.fusion-button):not(.fusion-builder-module-control):not(.fusion-social-network-icon):not(.fb-icon-element):not(.fusion-countdown-link):not(.fusion-rollover-link):not(.fusion-rollover-gallery):not(.add_to_cart_button):not(.show_details_button):not(.product_type_external):not(.fusion-quick-view):not(.fusion-rollover-title-link):hover, .fusion-fullwidth.fusion-builder-row-1 a:not(.fusion-button):not(.fusion-builder-module-control):not(.fusion-social-network-icon):not(.fb-icon-element):not(.fusion-countdown-link):not(.fusion-rollover-link):not(.fusion-rollover-gallery):not(.add_to_cart_button):not(.show_details_button):not(.product_type_external):not(.fusion-quick-view):not(.fusion-rollover-title-link):hover:before, .fusion-fullwidth.fusion-builder-row-1 a:not(.fusion-button):not(.fusion-builder-module-control):not(.fusion-social-network-icon):not(.fb-icon-element):not(.fusion-countdown-link):not(.fusion-rollover-link):not(.fusion-rollover-gallery):not(.add_to_cart_button):not(.show_details_button):not(.product_type_external):not(.fusion-quick-view):not(.fusion-rollover-title-link):hover:after {color: #08538a;}.fusion-fullwidth.fusion-builder-row-1 .pagination a.inactive:hover, .fusion-fullwidth.fusion-builder-row-1 .fusion-filters .fusion-filter.fusion-active a {border-color: #08538a;}.fusion-fullwidth.fusion-builder-row-1 .pagination .current {border-color: #08538a; background-color: #08538a;}.fusion-fullwidth.fusion-builder-row-1 .fusion-filters .fusion-filter.fusion-active a, .fusion-fullwidth.fusion-builder-row-1 .fusion-date-and-formats .fusion-format-box, .fusion-fullwidth.fusion-builder-row-1 .fusion-popover, .fusion-fullwidth.fusion-builder-row-1 .tooltip-shortcode {color: #08538a;}#main .fusion-fullwidth.fusion-builder-row-1 .post .blog-shortcode-post-title a:hover {color: #08538a;}<\/style><div class=\"fusion-fullwidth fullwidth-box fusion-builder-row-2 nonhundred-percent-fullwidth non-hundred-percent-height-scrolling\"  style='background-color: rgba(255,255,255,0);background-position: center center;background-repeat: no-repeat;padding-top:0px;padding-right:0px;padding-bottom:0px;padding-left:0px;margin-bottom: 30px;margin-top: 0px;'><div class=\"fusion-builder-row fusion-row\"><div  class=\"fusion-layout-column fusion_builder_column fusion_builder_column_1_1 fusion-builder-column-1 fusion-one-full fusion-column-first fusion-column-last 1_1\"  style='margin-top:0px;margin-bottom:20px;'><div class=\"fusion-column-wrapper\" style=\"padding: 0px 0px 0px 0px;background-position:left top;background-repeat:no-repeat;-webkit-background-size:cover;-moz-background-size:cover;-o-background-size:cover;background-size:cover;\"   data-bg-url=\"\"><div class=\"fusion-fa-align-center\"><i class=\"fb-icon-element-1 fb-icon-element fontawesome-icon fa-phone fas circle-yes\" style=\"font-size:25.52px;line-height:49.04px;height:51.04px;width:51.04px;border-width:1px;\"><\/i><\/div><style>i.fontawesome-icon.fb-icon-element-1{ color: #ffffff; background-color: #002b55; border-color: #002b55;}i.fontawesome-icon.fb-icon-element-1:hover { color: #ffffff; background-color: #002b55; border-color: #002b55;}<\/style><div class=\"fusion-sep-clear\"><\/div><div class=\"fusion-separator fusion-full-width-sep sep-none\" style=\"margin-left: auto;margin-right: auto;margin-top:19px;\"><\/div><div class=\"fusion-text callout__subheading\"><p style=\"text-align: center;\">Pour commencer avec Boots on the Ground<\/p>\n<\/div><ul class=\"fusion-checklist fusion-checklist-1\" style=\"font-size:16px;line-height:27.2px;\"><li class=\"fusion-li-item\"><span style=\"background-color:#ffffff;font-size:14.08px;height:27.2px;width:27.2px;margin-right:11.2px;\" class=\"icon-wrapper circle-yes\"><i class=\"fusion-li-icon fa-check fas\" style=\"color:#b5902e;\"><\/i><\/span><div class=\"fusion-li-item-content\" style=\"margin-left:38.4px;\">\n<p>Appelez Encompas (1-866-794-9117) et parlez \u00e0 un gestionnaire de soins ou envoyez un courriel \u00e0 Encompas info@encompascare.ca.\u00a0<\/p>\n<\/div><\/li><li class=\"fusion-li-item\"><span style=\"background-color:#ffffff;font-size:14.08px;height:27.2px;width:27.2px;margin-right:11.2px;\" class=\"icon-wrapper circle-yes\"><i class=\"fusion-li-icon fa-check fas\" style=\"color:#b5902e;\"><\/i><\/span><div class=\"fusion-li-item-content\" style=\"margin-left:38.4px;\">\n<p>Ils ou elles vous transf\u00e9reront vers un soutien t\u00e9l\u00e9phonique anonyme par les pairs avec Boots on the Ground si c'est une bonne option de soutien pour vous<\/p>\n<\/div><\/li><li class=\"fusion-li-item\"><span style=\"background-color:#ffffff;font-size:14.08px;height:27.2px;width:27.2px;margin-right:11.2px;\" class=\"icon-wrapper circle-yes\"><i class=\"fusion-li-icon fa-check fas\" style=\"color:#b5902e;\"><\/i><\/span><div class=\"fusion-li-item-content\" style=\"margin-left:38.4px;\">\n<p>Pour prot\u00e9ger votre confidentialit\u00e9, ils ou elles ne vous pr\u00e9senteront pas par votre nom<\/p>\n<\/div><\/li><li class=\"fusion-li-item\"><span style=\"background-color:#ffffff;font-size:14.08px;height:27.2px;width:27.2px;margin-right:11.2px;\" class=\"icon-wrapper circle-yes\"><i class=\"fusion-li-icon fa-check fas\" style=\"color:#b5902e;\"><\/i><\/span><div class=\"fusion-li-item-content\" style=\"margin-left:38.4px;\">\n<p>Vous avez \u00e9galement la possibilit\u00e9 d'appeler directement Boots on the Ground (1-833-677-2668). Remarque : ils n'utilisent pas l'affichage des appels afin de prot\u00e9ger votre confidentialit\u00e9<\/p>\n<\/div><\/li><\/ul><div class=\"fusion-clearfix\"><\/div><\/div><\/div><\/div><\/div><style type=\"text\/css\">.fusion-fullwidth.fusion-builder-row-2 a:not(.fusion-button):not(.fusion-builder-module-control):not(.fusion-social-network-icon):not(.fb-icon-element):not(.fusion-countdown-link):not(.fusion-rollover-link):not(.fusion-rollover-gallery):not(.add_to_cart_button):not(.show_details_button):not(.product_type_external):not(.fusion-quick-view):not(.fusion-rollover-title-link) , .fusion-fullwidth.fusion-builder-row-2 a:not(.fusion-button):not(.fusion-builder-module-control):not(.fusion-social-network-icon):not(.fb-icon-element):not(.fusion-countdown-link):not(.fusion-rollover-link):not(.fusion-rollover-gallery):not(.add_to_cart_button):not(.show_details_button):not(.product_type_external):not(.fusion-quick-view):not(.fusion-rollover-title-link):before, .fusion-fullwidth.fusion-builder-row-2 a:not(.fusion-button):not(.fusion-builder-module-control):not(.fusion-social-network-icon):not(.fb-icon-element):not(.fusion-countdown-link):not(.fusion-rollover-link):not(.fusion-rollover-gallery):not(.add_to_cart_button):not(.show_details_button):not(.product_type_external):not(.fusion-quick-view):not(.fusion-rollover-title-link):after {color: #08538a;}.fusion-fullwidth.fusion-builder-row-2 a:not(.fusion-button):not(.fusion-builder-module-control):not(.fusion-social-network-icon):not(.fb-icon-element):not(.fusion-countdown-link):not(.fusion-rollover-link):not(.fusion-rollover-gallery):not(.add_to_cart_button):not(.show_details_button):not(.product_type_external):not(.fusion-quick-view):not(.fusion-rollover-title-link):hover, .fusion-fullwidth.fusion-builder-row-2 a:not(.fusion-button):not(.fusion-builder-module-control):not(.fusion-social-network-icon):not(.fb-icon-element):not(.fusion-countdown-link):not(.fusion-rollover-link):not(.fusion-rollover-gallery):not(.add_to_cart_button):not(.show_details_button):not(.product_type_external):not(.fusion-quick-view):not(.fusion-rollover-title-link):hover:before, .fusion-fullwidth.fusion-builder-row-2 a:not(.fusion-button):not(.fusion-builder-module-control):not(.fusion-social-network-icon):not(.fb-icon-element):not(.fusion-countdown-link):not(.fusion-rollover-link):not(.fusion-rollover-gallery):not(.add_to_cart_button):not(.show_details_button):not(.product_type_external):not(.fusion-quick-view):not(.fusion-rollover-title-link):hover:after {color: #08538a;}.fusion-fullwidth.fusion-builder-row-2 .pagination a.inactive:hover, .fusion-fullwidth.fusion-builder-row-2 .fusion-filters .fusion-filter.fusion-active a {border-color: #08538a;}.fusion-fullwidth.fusion-builder-row-2 .pagination .current {border-color: #08538a; background-color: #08538a;}.fusion-fullwidth.fusion-builder-row-2 .fusion-filters .fusion-filter.fusion-active a, .fusion-fullwidth.fusion-builder-row-2 .fusion-date-and-formats .fusion-format-box, .fusion-fullwidth.fusion-builder-row-2 .fusion-popover, .fusion-fullwidth.fusion-builder-row-2 .tooltip-shortcode {color: #08538a;}#main .fusion-fullwidth.fusion-builder-row-2 .post .blog-shortcode-post-title a:hover {color: #08538a;}<\/style><\/p>","protected":false},"excerpt":{"rendered":"","protected":false},"author":2,"featured_media":0,"parent":3845,"menu_order":9,"comment_status":"closed","ping_status":"closed","template":"side-navigation.php","meta":{"_acf_changed":false,"footnotes":""},"class_list":["post-4166","page","type-page","status-publish","hentry"],"acf":[],"yoast_head":"<!-- This site is optimized with the Yoast SEO plugin v25.2 - https:\/\/yoast.com\/wordpress\/plugins\/seo\/ -->\n<title>Boots on the Ground - Encompas<\/title>\n<meta name=\"robots\" content=\"index, follow, max-snippet:-1, max-image-preview:large, max-video-preview:-1\" \/>\n<link rel=\"canonical\" href=\"https:\/\/www.encompascare.ca\/fr_ca\/services\/boots-on-the-ground\/\" \/>\n<meta property=\"og:locale\" content=\"fr_CA\" \/>\n<meta property=\"og:type\" content=\"article\" \/>\n<meta property=\"og:title\" content=\"Boots on the Ground - Encompas\" \/>\n<meta property=\"og:url\" content=\"https:\/\/www.encompascare.ca\/fr_ca\/services\/boots-on-the-ground\/\" \/>\n<meta property=\"og:site_name\" content=\"Encompas\" \/>\n<meta property=\"article:modified_time\" content=\"2022-11-16T17:13:10+00:00\" \/>\n<meta name=\"twitter:card\" content=\"summary_large_image\" \/>\n<meta name=\"twitter:label1\" content=\"Estimation du temps de lecture\" \/>\n\t<meta name=\"twitter:data1\" content=\"6 minutes\" \/>\n<script type=\"application\/ld+json\" class=\"yoast-schema-graph\">{\"@context\":\"https:\/\/schema.org\",\"@graph\":[{\"@type\":\"WebPage\",\"@id\":\"https:\/\/www.encompascare.ca\/services\/boots-on-the-ground\/\",\"url\":\"https:\/\/www.encompascare.ca\/services\/boots-on-the-ground\/\",\"name\":\"Boots on the Ground - Encompas\",\"isPartOf\":{\"@id\":\"https:\/\/www.encompascare.ca\/#website\"},\"datePublished\":\"2021-02-11T16:44:47+00:00\",\"dateModified\":\"2022-11-16T17:13:10+00:00\",\"breadcrumb\":{\"@id\":\"https:\/\/www.encompascare.ca\/services\/boots-on-the-ground\/#breadcrumb\"},\"inLanguage\":\"fr-CA\",\"potentialAction\":[{\"@type\":\"ReadAction\",\"target\":[\"https:\/\/www.encompascare.ca\/services\/boots-on-the-ground\/\"]}]},{\"@type\":\"BreadcrumbList\",\"@id\":\"https:\/\/www.encompascare.ca\/services\/boots-on-the-ground\/#breadcrumb\",\"itemListElement\":[{\"@type\":\"ListItem\",\"position\":1,\"name\":\"Home\",\"item\":\"https:\/\/www.encompascare.ca\/\"},{\"@type\":\"ListItem\",\"position\":2,\"name\":\"Services\",\"item\":\"https:\/\/www.encompascare.ca\/services\/\"},{\"@type\":\"ListItem\",\"position\":3,\"name\":\"Boots on the Ground\"}]},{\"@type\":\"WebSite\",\"@id\":\"https:\/\/www.encompascare.ca\/#website\",\"url\":\"https:\/\/www.encompascare.ca\/\",\"name\":\"Encompas\",\"description\":\"Mental Health Wellness Program\",\"potentialAction\":[{\"@type\":\"SearchAction\",\"target\":{\"@type\":\"EntryPoint\",\"urlTemplate\":\"https:\/\/www.encompascare.ca\/?s={search_term_string}\"},\"query-input\":{\"@type\":\"PropertyValueSpecification\",\"valueRequired\":true,\"valueName\":\"search_term_string\"}}],\"inLanguage\":\"fr-CA\"}]}<\/script>\n<!-- \/ Yoast SEO plugin. -->","yoast_head_json":{"title":"Les pieds sur terre - Encompas","robots":{"index":"index","follow":"follow","max-snippet":"max-snippet:-1","max-image-preview":"max-image-preview:large","max-video-preview":"max-video-preview:-1"},"canonical":"https:\/\/www.encompascare.ca\/fr_ca\/services\/boots-on-the-ground\/","og_locale":"fr_CA","og_type":"article","og_title":"Boots on the Ground - Encompas","og_url":"https:\/\/www.encompascare.ca\/fr_ca\/services\/boots-on-the-ground\/","og_site_name":"Encompas","article_modified_time":"2022-11-16T17:13:10+00:00","twitter_card":"summary_large_image","twitter_misc":{"Estimation du temps de lecture":"6 minutes"},"schema":{"@context":"https:\/\/schema.org","@graph":[{"@type":"WebPage","@id":"https:\/\/www.encompascare.ca\/services\/boots-on-the-ground\/","url":"https:\/\/www.encompascare.ca\/services\/boots-on-the-ground\/","name":"Les pieds sur terre - Encompas","isPartOf":{"@id":"https:\/\/www.encompascare.ca\/#website"},"datePublished":"2021-02-11T16:44:47+00:00","dateModified":"2022-11-16T17:13:10+00:00","breadcrumb":{"@id":"https:\/\/www.encompascare.ca\/services\/boots-on-the-ground\/#breadcrumb"},"inLanguage":"fr-CA","potentialAction":[{"@type":"ReadAction","target":["https:\/\/www.encompascare.ca\/services\/boots-on-the-ground\/"]}]},{"@type":"BreadcrumbList","@id":"https:\/\/www.encompascare.ca\/services\/boots-on-the-ground\/#breadcrumb","itemListElement":[{"@type":"ListItem","position":1,"name":"Home","item":"https:\/\/www.encompascare.ca\/"},{"@type":"ListItem","position":2,"name":"Services","item":"https:\/\/www.encompascare.ca\/services\/"},{"@type":"ListItem","position":3,"name":"Boots on the Ground"}]},{"@type":"WebSite","@id":"https:\/\/www.encompascare.ca\/#website","url":"https:\/\/www.encompascare.ca\/","name":"Encompas","description":"Programme de bien-\u00eatre en sant\u00e9 mentale","potentialAction":[{"@type":"SearchAction","target":{"@type":"EntryPoint","urlTemplate":"https:\/\/www.encompascare.ca\/?s={search_term_string}"},"query-input":{"@type":"PropertyValueSpecification","valueRequired":true,"valueName":"search_term_string"}}],"inLanguage":"fr-CA"}]}},"_links":{"self":[{"href":"https:\/\/www.encompascare.ca\/fr_ca\/wp-json\/wp\/v2\/pages\/4166","targetHints":{"allow":["GET"]}}],"collection":[{"href":"https:\/\/www.encompascare.ca\/fr_ca\/wp-json\/wp\/v2\/pages"}],"about":[{"href":"https:\/\/www.encompascare.ca\/fr_ca\/wp-json\/wp\/v2\/types\/page"}],"author":[{"embeddable":true,"href":"https:\/\/www.encompascare.ca\/fr_ca\/wp-json\/wp\/v2\/users\/2"}],"replies":[{"embeddable":true,"href":"https:\/\/www.encompascare.ca\/fr_ca\/wp-json\/wp\/v2\/comments?post=4166"}],"version-history":[{"count":35,"href":"https:\/\/www.encompascare.ca\/fr_ca\/wp-json\/wp\/v2\/pages\/4166\/revisions"}],"predecessor-version":[{"id":4922,"href":"https:\/\/www.encompascare.ca\/fr_ca\/wp-json\/wp\/v2\/pages\/4166\/revisions\/4922"}],"up":[{"embeddable":true,"href":"https:\/\/www.encompascare.ca\/fr_ca\/wp-json\/wp\/v2\/pages\/3845"}],"wp:attachment":[{"href":"https:\/\/www.encompascare.ca\/fr_ca\/wp-json\/wp\/v2\/media?parent=4166"}],"curies":[{"name":"wp","href":"https:\/\/api.w.org\/{rel}","templated":true}]}}