{"id":4658,"date":"2022-01-11T16:52:00","date_gmt":"2022-01-11T21:52:00","guid":{"rendered":"https:\/\/www.encompascare.ca\/?page_id=4658"},"modified":"2022-01-11T16:52:00","modified_gmt":"2022-01-11T21:52:00","slug":"live-chat-privacy-policy","status":"publish","type":"page","link":"https:\/\/www.encompascare.ca\/fr_ca\/live-chat-privacy-policy\/","title":{"rendered":"Politique de confidentialit\u00e9 du Live Chat"},"content":{"rendered":"<div class=\"fusion-fullwidth fullwidth-box fusion-builder-row-1 nonhundred-percent-fullwidth non-hundred-percent-height-scrolling\"  style='background-color: rgba(255,255,255,0);background-position: center center;background-repeat: no-repeat;padding-top:50px;padding-right:0px;padding-bottom:0px;padding-left:0px;'><div class=\"fusion-builder-row fusion-row\"><div  class=\"fusion-layout-column fusion_builder_column fusion_builder_column_1_1 fusion-builder-column-0 fusion-one-full fusion-column-first fusion-column-last 1_1\"  style='margin-top:0px;margin-bottom:20px;'><div class=\"fusion-column-wrapper\" style=\"padding: 0px 0px 0px 0px;background-position:left top;background-repeat:no-repeat;-webkit-background-size:cover;-moz-background-size:cover;-o-background-size:cover;background-size:cover;\"   data-bg-url=\"\"><div class=\"fusion-text\"><p>Le programme Encompas prend votre vie priv\u00e9e au s\u00e9rieux. Les conversations par chat en direct sont conserv\u00e9es pendant 3 jours. Pendant cette p\u00e9riode, les donn\u00e9es sont stock\u00e9es sur un serveur s\u00e9curis\u00e9 situ\u00e9 au Canada.<\/p>\n<p>Pour consulter l'int\u00e9gralit\u00e9 de la politique de confidentialit\u00e9 d'Encompas, <a href=\"https:\/\/www.encompascare.ca\/privacy-policy\/\">cliquez ici.<\/a>.\u00a0<\/p>\n<\/div><div class=\"fusion-clearfix\"><\/div><\/div><\/div><\/div><\/div><style type=\"text\/css\">.fusion-fullwidth.fusion-builder-row-1 a:not(.fusion-button):not(.fusion-builder-module-control):not(.fusion-social-network-icon):not(.fb-icon-element):not(.fusion-countdown-link):not(.fusion-rollover-link):not(.fusion-rollover-gallery):not(.add_to_cart_button):not(.show_details_button):not(.product_type_external):not(.fusion-quick-view):not(.fusion-rollover-title-link) , .fusion-fullwidth.fusion-builder-row-1 a:not(.fusion-button):not(.fusion-builder-module-control):not(.fusion-social-network-icon):not(.fb-icon-element):not(.fusion-countdown-link):not(.fusion-rollover-link):not(.fusion-rollover-gallery):not(.add_to_cart_button):not(.show_details_button):not(.product_type_external):not(.fusion-quick-view):not(.fusion-rollover-title-link):before, .fusion-fullwidth.fusion-builder-row-1 a:not(.fusion-button):not(.fusion-builder-module-control):not(.fusion-social-network-icon):not(.fb-icon-element):not(.fusion-countdown-link):not(.fusion-rollover-link):not(.fusion-rollover-gallery):not(.add_to_cart_button):not(.show_details_button):not(.product_type_external):not(.fusion-quick-view):not(.fusion-rollover-title-link):after {color: #08538a;}.fusion-fullwidth.fusion-builder-row-1 a:not(.fusion-button):not(.fusion-builder-module-control):not(.fusion-social-network-icon):not(.fb-icon-element):not(.fusion-countdown-link):not(.fusion-rollover-link):not(.fusion-rollover-gallery):not(.add_to_cart_button):not(.show_details_button):not(.product_type_external):not(.fusion-quick-view):not(.fusion-rollover-title-link):hover, .fusion-fullwidth.fusion-builder-row-1 a:not(.fusion-button):not(.fusion-builder-module-control):not(.fusion-social-network-icon):not(.fb-icon-element):not(.fusion-countdown-link):not(.fusion-rollover-link):not(.fusion-rollover-gallery):not(.add_to_cart_button):not(.show_details_button):not(.product_type_external):not(.fusion-quick-view):not(.fusion-rollover-title-link):hover:before, .fusion-fullwidth.fusion-builder-row-1 a:not(.fusion-button):not(.fusion-builder-module-control):not(.fusion-social-network-icon):not(.fb-icon-element):not(.fusion-countdown-link):not(.fusion-rollover-link):not(.fusion-rollover-gallery):not(.add_to_cart_button):not(.show_details_button):not(.product_type_external):not(.fusion-quick-view):not(.fusion-rollover-title-link):hover:after {color: #08538a;}.fusion-fullwidth.fusion-builder-row-1 .pagination a.inactive:hover, .fusion-fullwidth.fusion-builder-row-1 .fusion-filters .fusion-filter.fusion-active a {border-color: #08538a;}.fusion-fullwidth.fusion-builder-row-1 .pagination .current {border-color: #08538a; background-color: #08538a;}.fusion-fullwidth.fusion-builder-row-1 .fusion-filters .fusion-filter.fusion-active a, .fusion-fullwidth.fusion-builder-row-1 .fusion-date-and-formats .fusion-format-box, .fusion-fullwidth.fusion-builder-row-1 .fusion-popover, .fusion-fullwidth.fusion-builder-row-1 .tooltip-shortcode {color: #08538a;}#main .fusion-fullwidth.fusion-builder-row-1 .post .blog-shortcode-post-title a:hover {color: #08538a;}<\/style>","protected":false},"excerpt":{"rendered":"","protected":false},"author":2,"featured_media":0,"parent":0,"menu_order":0,"comment_status":"closed","ping_status":"closed","template":"","meta":{"_acf_changed":false,"footnotes":""},"class_list":["post-4658","page","type-page","status-publish","hentry"],"acf":[],"yoast_head":"<!-- This site is optimized with the Yoast SEO plugin v25.2 - https:\/\/yoast.com\/wordpress\/plugins\/seo\/ -->\n<title>Live Chat Privacy Policy - Encompas<\/title>\n<meta name=\"robots\" content=\"index, follow, max-snippet:-1, max-image-preview:large, max-video-preview:-1\" \/>\n<link rel=\"canonical\" href=\"https:\/\/www.encompascare.ca\/fr_ca\/live-chat-privacy-policy\/\" \/>\n<meta property=\"og:locale\" content=\"fr_CA\" \/>\n<meta property=\"og:type\" content=\"article\" \/>\n<meta property=\"og:title\" content=\"Live Chat Privacy Policy - Encompas\" \/>\n<meta property=\"og:url\" content=\"https:\/\/www.encompascare.ca\/fr_ca\/live-chat-privacy-policy\/\" \/>\n<meta property=\"og:site_name\" content=\"Encompas\" \/>\n<meta name=\"twitter:card\" content=\"summary_large_image\" \/>\n<meta name=\"twitter:label1\" content=\"Estimation du temps de lecture\" \/>\n\t<meta name=\"twitter:data1\" content=\"2 minutes\" \/>\n<script type=\"application\/ld+json\" class=\"yoast-schema-graph\">{\"@context\":\"https:\/\/schema.org\",\"@graph\":[{\"@type\":\"WebPage\",\"@id\":\"https:\/\/www.encompascare.ca\/live-chat-privacy-policy\/\",\"url\":\"https:\/\/www.encompascare.ca\/live-chat-privacy-policy\/\",\"name\":\"Live Chat Privacy Policy - Encompas\",\"isPartOf\":{\"@id\":\"https:\/\/www.encompascare.ca\/#website\"},\"datePublished\":\"2022-01-11T21:52:00+00:00\",\"breadcrumb\":{\"@id\":\"https:\/\/www.encompascare.ca\/live-chat-privacy-policy\/#breadcrumb\"},\"inLanguage\":\"fr-CA\",\"potentialAction\":[{\"@type\":\"ReadAction\",\"target\":[\"https:\/\/www.encompascare.ca\/live-chat-privacy-policy\/\"]}]},{\"@type\":\"BreadcrumbList\",\"@id\":\"https:\/\/www.encompascare.ca\/live-chat-privacy-policy\/#breadcrumb\",\"itemListElement\":[{\"@type\":\"ListItem\",\"position\":1,\"name\":\"Home\",\"item\":\"https:\/\/www.encompascare.ca\/\"},{\"@type\":\"ListItem\",\"position\":2,\"name\":\"Live Chat Privacy Policy\"}]},{\"@type\":\"WebSite\",\"@id\":\"https:\/\/www.encompascare.ca\/#website\",\"url\":\"https:\/\/www.encompascare.ca\/\",\"name\":\"Encompas\",\"description\":\"Mental Health Wellness Program\",\"potentialAction\":[{\"@type\":\"SearchAction\",\"target\":{\"@type\":\"EntryPoint\",\"urlTemplate\":\"https:\/\/www.encompascare.ca\/?s={search_term_string}\"},\"query-input\":{\"@type\":\"PropertyValueSpecification\",\"valueRequired\":true,\"valueName\":\"search_term_string\"}}],\"inLanguage\":\"fr-CA\"}]}<\/script>\n<!-- \/ Yoast SEO plugin. -->","yoast_head_json":{"title":"Politique de confidentialit\u00e9 du Live Chat - Encompas","robots":{"index":"index","follow":"follow","max-snippet":"max-snippet:-1","max-image-preview":"max-image-preview:large","max-video-preview":"max-video-preview:-1"},"canonical":"https:\/\/www.encompascare.ca\/fr_ca\/live-chat-privacy-policy\/","og_locale":"fr_CA","og_type":"article","og_title":"Live Chat Privacy Policy - Encompas","og_url":"https:\/\/www.encompascare.ca\/fr_ca\/live-chat-privacy-policy\/","og_site_name":"Encompas","twitter_card":"summary_large_image","twitter_misc":{"Estimation du temps de lecture":"2 minutes"},"schema":{"@context":"https:\/\/schema.org","@graph":[{"@type":"WebPage","@id":"https:\/\/www.encompascare.ca\/live-chat-privacy-policy\/","url":"https:\/\/www.encompascare.ca\/live-chat-privacy-policy\/","name":"Politique de confidentialit\u00e9 du Live Chat - Encompas","isPartOf":{"@id":"https:\/\/www.encompascare.ca\/#website"},"datePublished":"2022-01-11T21:52:00+00:00","breadcrumb":{"@id":"https:\/\/www.encompascare.ca\/live-chat-privacy-policy\/#breadcrumb"},"inLanguage":"fr-CA","potentialAction":[{"@type":"ReadAction","target":["https:\/\/www.encompascare.ca\/live-chat-privacy-policy\/"]}]},{"@type":"BreadcrumbList","@id":"https:\/\/www.encompascare.ca\/live-chat-privacy-policy\/#breadcrumb","itemListElement":[{"@type":"ListItem","position":1,"name":"Home","item":"https:\/\/www.encompascare.ca\/"},{"@type":"ListItem","position":2,"name":"Live Chat Privacy Policy"}]},{"@type":"WebSite","@id":"https:\/\/www.encompascare.ca\/#website","url":"https:\/\/www.encompascare.ca\/","name":"Encompas","description":"Programme de bien-\u00eatre en sant\u00e9 mentale","potentialAction":[{"@type":"SearchAction","target":{"@type":"EntryPoint","urlTemplate":"https:\/\/www.encompascare.ca\/?s={search_term_string}"},"query-input":{"@type":"PropertyValueSpecification","valueRequired":true,"valueName":"search_term_string"}}],"inLanguage":"fr-CA"}]}},"_links":{"self":[{"href":"https:\/\/www.encompascare.ca\/fr_ca\/wp-json\/wp\/v2\/pages\/4658","targetHints":{"allow":["GET"]}}],"collection":[{"href":"https:\/\/www.encompascare.ca\/fr_ca\/wp-json\/wp\/v2\/pages"}],"about":[{"href":"https:\/\/www.encompascare.ca\/fr_ca\/wp-json\/wp\/v2\/types\/page"}],"author":[{"embeddable":true,"href":"https:\/\/www.encompascare.ca\/fr_ca\/wp-json\/wp\/v2\/users\/2"}],"replies":[{"embeddable":true,"href":"https:\/\/www.encompascare.ca\/fr_ca\/wp-json\/wp\/v2\/comments?post=4658"}],"version-history":[{"count":1,"href":"https:\/\/www.encompascare.ca\/fr_ca\/wp-json\/wp\/v2\/pages\/4658\/revisions"}],"predecessor-version":[{"id":4659,"href":"https:\/\/www.encompascare.ca\/fr_ca\/wp-json\/wp\/v2\/pages\/4658\/revisions\/4659"}],"wp:attachment":[{"href":"https:\/\/www.encompascare.ca\/fr_ca\/wp-json\/wp\/v2\/media?parent=4658"}],"curies":[{"name":"wp","href":"https:\/\/api.w.org\/{rel}","templated":true}]}}