{"id":5219,"date":"2023-07-04T16:04:52","date_gmt":"2023-07-04T20:04:52","guid":{"rendered":"https:\/\/www.encompascare.ca\/?page_id=5219"},"modified":"2023-07-04T16:06:44","modified_gmt":"2023-07-04T20:06:44","slug":"crisis-support","status":"publish","type":"page","link":"https:\/\/www.encompascare.ca\/fr_ca\/services\/crisis-support\/","title":{"rendered":"Soutien en cas de crise"},"content":{"rendered":"<div class=\"fusion-fullwidth fullwidth-box fusion-builder-row-1 hundred-percent-fullwidth non-hundred-percent-height-scrolling\"  style='background-color: #ffffff;background-position: center center;background-repeat: no-repeat;padding-top:60px;padding-right:0px;padding-bottom:40px;padding-left:0px;'><div class=\"fusion-builder-row fusion-row\"><div  class=\"fusion-layout-column fusion_builder_column fusion_builder_column_1_1 fusion-builder-column-0 fusion-one-full fusion-column-first fusion-column-last 1_1\"  style='margin-top:0px;margin-bottom:20px;'><div class=\"fusion-column-wrapper\" style=\"padding: 0px 0px 0px 0px;background-position:left top;background-repeat:no-repeat;-webkit-background-size:cover;-moz-background-size:cover;-o-background-size:cover;background-size:cover;\"   data-bg-url=\"\"><div class=\"fusion-text\"><p><strong>Si vous \u00eates en situation de crise,<\/strong>\u00a0l'\u00e9quipe de gestion des soins est l\u00e0 pour vous aider imm\u00e9diatement, 24 heures sur 24, 7 jours sur 7, 365 jours par an. Votre appel au 1 866 794-9117 sera pris en charge en direct par notre \u00e9quipe de gestion des soins.\u00a0<\/p>\n<p>Cette \u00e9quipe comprend les d\u00e9fis uniques auxquels sont confront\u00e9s nos membres Premiers R\u00e9pondants et sait que nous pouvons tous \u00eatre confront\u00e9s \u00e0 des sentiments accablants \u00e0 certains moments.  L'\u00e9quipe de gestion des soins<\/p>\n<ul>\n<li>vous \u00e9couter sans porter de jugement afin que vous vous sentiez en s\u00e9curit\u00e9, soutenu et pris en charge pendant cette p\u00e9riode difficile<\/li>\n<li>explorer si vous risquez de vous blesser ou de blesser d'autres personnes et, le cas \u00e9ch\u00e9ant, collaborer avec vous \u00e0 l'\u00e9laboration d'un plan de s\u00e9curit\u00e9 pendant que nous vous soutenons dans cette p\u00e9riode difficile<\/li>\n<li>vous aider \u00e0 d\u00e9finir le probl\u00e8me qui vous accable<\/li>\n<li>faciliter un plan de soins continu en vous mettant en contact avec les professionnels de la sant\u00e9 mentale qui peuvent vous aider \u00e0 surmonter les difficult\u00e9s que vous rencontrez.<\/li>\n<\/ul>\n<p>Nous sommes l\u00e0 pour vous.<\/p>\n<\/div><div class=\"fusion-clearfix\"><\/div><\/div><\/div><\/div><\/div><style type=\"text\/css\">.fusion-fullwidth.fusion-builder-row-1 a:not(.fusion-button):not(.fusion-builder-module-control):not(.fusion-social-network-icon):not(.fb-icon-element):not(.fusion-countdown-link):not(.fusion-rollover-link):not(.fusion-rollover-gallery):not(.add_to_cart_button):not(.show_details_button):not(.product_type_external):not(.fusion-quick-view):not(.fusion-rollover-title-link) , .fusion-fullwidth.fusion-builder-row-1 a:not(.fusion-button):not(.fusion-builder-module-control):not(.fusion-social-network-icon):not(.fb-icon-element):not(.fusion-countdown-link):not(.fusion-rollover-link):not(.fusion-rollover-gallery):not(.add_to_cart_button):not(.show_details_button):not(.product_type_external):not(.fusion-quick-view):not(.fusion-rollover-title-link):before, .fusion-fullwidth.fusion-builder-row-1 a:not(.fusion-button):not(.fusion-builder-module-control):not(.fusion-social-network-icon):not(.fb-icon-element):not(.fusion-countdown-link):not(.fusion-rollover-link):not(.fusion-rollover-gallery):not(.add_to_cart_button):not(.show_details_button):not(.product_type_external):not(.fusion-quick-view):not(.fusion-rollover-title-link):after {color: #08538a;}.fusion-fullwidth.fusion-builder-row-1 a:not(.fusion-button):not(.fusion-builder-module-control):not(.fusion-social-network-icon):not(.fb-icon-element):not(.fusion-countdown-link):not(.fusion-rollover-link):not(.fusion-rollover-gallery):not(.add_to_cart_button):not(.show_details_button):not(.product_type_external):not(.fusion-quick-view):not(.fusion-rollover-title-link):hover, .fusion-fullwidth.fusion-builder-row-1 a:not(.fusion-button):not(.fusion-builder-module-control):not(.fusion-social-network-icon):not(.fb-icon-element):not(.fusion-countdown-link):not(.fusion-rollover-link):not(.fusion-rollover-gallery):not(.add_to_cart_button):not(.show_details_button):not(.product_type_external):not(.fusion-quick-view):not(.fusion-rollover-title-link):hover:before, .fusion-fullwidth.fusion-builder-row-1 a:not(.fusion-button):not(.fusion-builder-module-control):not(.fusion-social-network-icon):not(.fb-icon-element):not(.fusion-countdown-link):not(.fusion-rollover-link):not(.fusion-rollover-gallery):not(.add_to_cart_button):not(.show_details_button):not(.product_type_external):not(.fusion-quick-view):not(.fusion-rollover-title-link):hover:after {color: #08538a;}.fusion-fullwidth.fusion-builder-row-1 .pagination a.inactive:hover, .fusion-fullwidth.fusion-builder-row-1 .fusion-filters .fusion-filter.fusion-active a {border-color: #08538a;}.fusion-fullwidth.fusion-builder-row-1 .pagination .current {border-color: #08538a; background-color: #08538a;}.fusion-fullwidth.fusion-builder-row-1 .fusion-filters .fusion-filter.fusion-active a, .fusion-fullwidth.fusion-builder-row-1 .fusion-date-and-formats .fusion-format-box, .fusion-fullwidth.fusion-builder-row-1 .fusion-popover, .fusion-fullwidth.fusion-builder-row-1 .tooltip-shortcode {color: #08538a;}#main .fusion-fullwidth.fusion-builder-row-1 .post .blog-shortcode-post-title a:hover {color: #08538a;}<\/style>","protected":false},"excerpt":{"rendered":"","protected":false},"author":2,"featured_media":0,"parent":3845,"menu_order":0,"comment_status":"closed","ping_status":"closed","template":"side-navigation.php","meta":{"_acf_changed":false,"footnotes":""},"class_list":["post-5219","page","type-page","status-publish","hentry"],"acf":[],"yoast_head":"<!-- This site is optimized with the Yoast SEO plugin v25.2 - https:\/\/yoast.com\/wordpress\/plugins\/seo\/ -->\n<title>Crisis Support - Encompas<\/title>\n<meta name=\"robots\" content=\"index, follow, max-snippet:-1, max-image-preview:large, max-video-preview:-1\" \/>\n<link rel=\"canonical\" href=\"https:\/\/www.encompascare.ca\/fr_ca\/services\/crisis-support\/\" \/>\n<meta property=\"og:locale\" content=\"fr_CA\" \/>\n<meta property=\"og:type\" content=\"article\" \/>\n<meta property=\"og:title\" content=\"Crisis Support - Encompas\" \/>\n<meta property=\"og:url\" content=\"https:\/\/www.encompascare.ca\/fr_ca\/services\/crisis-support\/\" \/>\n<meta property=\"og:site_name\" content=\"Encompas\" \/>\n<meta property=\"article:modified_time\" content=\"2023-07-04T20:06:44+00:00\" \/>\n<meta name=\"twitter:card\" content=\"summary_large_image\" \/>\n<meta name=\"twitter:label1\" content=\"Estimation du temps de lecture\" \/>\n\t<meta name=\"twitter:data1\" content=\"3 minutes\" \/>\n<script type=\"application\/ld+json\" class=\"yoast-schema-graph\">{\"@context\":\"https:\/\/schema.org\",\"@graph\":[{\"@type\":\"WebPage\",\"@id\":\"https:\/\/www.encompascare.ca\/services\/crisis-support\/\",\"url\":\"https:\/\/www.encompascare.ca\/services\/crisis-support\/\",\"name\":\"Crisis Support - Encompas\",\"isPartOf\":{\"@id\":\"https:\/\/www.encompascare.ca\/#website\"},\"datePublished\":\"2023-07-04T20:04:52+00:00\",\"dateModified\":\"2023-07-04T20:06:44+00:00\",\"breadcrumb\":{\"@id\":\"https:\/\/www.encompascare.ca\/services\/crisis-support\/#breadcrumb\"},\"inLanguage\":\"fr-CA\",\"potentialAction\":[{\"@type\":\"ReadAction\",\"target\":[\"https:\/\/www.encompascare.ca\/services\/crisis-support\/\"]}]},{\"@type\":\"BreadcrumbList\",\"@id\":\"https:\/\/www.encompascare.ca\/services\/crisis-support\/#breadcrumb\",\"itemListElement\":[{\"@type\":\"ListItem\",\"position\":1,\"name\":\"Home\",\"item\":\"https:\/\/www.encompascare.ca\/\"},{\"@type\":\"ListItem\",\"position\":2,\"name\":\"Services\",\"item\":\"https:\/\/www.encompascare.ca\/services\/\"},{\"@type\":\"ListItem\",\"position\":3,\"name\":\"Crisis Support\"}]},{\"@type\":\"WebSite\",\"@id\":\"https:\/\/www.encompascare.ca\/#website\",\"url\":\"https:\/\/www.encompascare.ca\/\",\"name\":\"Encompas\",\"description\":\"Mental Health Wellness Program\",\"potentialAction\":[{\"@type\":\"SearchAction\",\"target\":{\"@type\":\"EntryPoint\",\"urlTemplate\":\"https:\/\/www.encompascare.ca\/?s={search_term_string}\"},\"query-input\":{\"@type\":\"PropertyValueSpecification\",\"valueRequired\":true,\"valueName\":\"search_term_string\"}}],\"inLanguage\":\"fr-CA\"}]}<\/script>\n<!-- \/ Yoast SEO plugin. -->","yoast_head_json":{"title":"Soutien en cas de crise - Encompas","robots":{"index":"index","follow":"follow","max-snippet":"max-snippet:-1","max-image-preview":"max-image-preview:large","max-video-preview":"max-video-preview:-1"},"canonical":"https:\/\/www.encompascare.ca\/fr_ca\/services\/crisis-support\/","og_locale":"fr_CA","og_type":"article","og_title":"Crisis Support - Encompas","og_url":"https:\/\/www.encompascare.ca\/fr_ca\/services\/crisis-support\/","og_site_name":"Encompas","article_modified_time":"2023-07-04T20:06:44+00:00","twitter_card":"summary_large_image","twitter_misc":{"Estimation du temps de lecture":"3 minutes"},"schema":{"@context":"https:\/\/schema.org","@graph":[{"@type":"WebPage","@id":"https:\/\/www.encompascare.ca\/services\/crisis-support\/","url":"https:\/\/www.encompascare.ca\/services\/crisis-support\/","name":"Soutien en cas de crise - Encompas","isPartOf":{"@id":"https:\/\/www.encompascare.ca\/#website"},"datePublished":"2023-07-04T20:04:52+00:00","dateModified":"2023-07-04T20:06:44+00:00","breadcrumb":{"@id":"https:\/\/www.encompascare.ca\/services\/crisis-support\/#breadcrumb"},"inLanguage":"fr-CA","potentialAction":[{"@type":"ReadAction","target":["https:\/\/www.encompascare.ca\/services\/crisis-support\/"]}]},{"@type":"BreadcrumbList","@id":"https:\/\/www.encompascare.ca\/services\/crisis-support\/#breadcrumb","itemListElement":[{"@type":"ListItem","position":1,"name":"Home","item":"https:\/\/www.encompascare.ca\/"},{"@type":"ListItem","position":2,"name":"Services","item":"https:\/\/www.encompascare.ca\/services\/"},{"@type":"ListItem","position":3,"name":"Crisis Support"}]},{"@type":"WebSite","@id":"https:\/\/www.encompascare.ca\/#website","url":"https:\/\/www.encompascare.ca\/","name":"Encompas","description":"Programme de bien-\u00eatre en sant\u00e9 mentale","potentialAction":[{"@type":"SearchAction","target":{"@type":"EntryPoint","urlTemplate":"https:\/\/www.encompascare.ca\/?s={search_term_string}"},"query-input":{"@type":"PropertyValueSpecification","valueRequired":true,"valueName":"search_term_string"}}],"inLanguage":"fr-CA"}]}},"_links":{"self":[{"href":"https:\/\/www.encompascare.ca\/fr_ca\/wp-json\/wp\/v2\/pages\/5219","targetHints":{"allow":["GET"]}}],"collection":[{"href":"https:\/\/www.encompascare.ca\/fr_ca\/wp-json\/wp\/v2\/pages"}],"about":[{"href":"https:\/\/www.encompascare.ca\/fr_ca\/wp-json\/wp\/v2\/types\/page"}],"author":[{"embeddable":true,"href":"https:\/\/www.encompascare.ca\/fr_ca\/wp-json\/wp\/v2\/users\/2"}],"replies":[{"embeddable":true,"href":"https:\/\/www.encompascare.ca\/fr_ca\/wp-json\/wp\/v2\/comments?post=5219"}],"version-history":[{"count":2,"href":"https:\/\/www.encompascare.ca\/fr_ca\/wp-json\/wp\/v2\/pages\/5219\/revisions"}],"predecessor-version":[{"id":5221,"href":"https:\/\/www.encompascare.ca\/fr_ca\/wp-json\/wp\/v2\/pages\/5219\/revisions\/5221"}],"up":[{"embeddable":true,"href":"https:\/\/www.encompascare.ca\/fr_ca\/wp-json\/wp\/v2\/pages\/3845"}],"wp:attachment":[{"href":"https:\/\/www.encompascare.ca\/fr_ca\/wp-json\/wp\/v2\/media?parent=5219"}],"curies":[{"name":"wp","href":"https:\/\/api.w.org\/{rel}","templated":true}]}}